{"id":997,"date":"2024-09-26T13:45:15","date_gmt":"2024-09-26T11:45:15","guid":{"rendered":"http:\/\/localhost\/ansi\/?page_id=997"},"modified":"2024-10-10T08:19:45","modified_gmt":"2024-10-10T06:19:45","slug":"politica-de-calidad","status":"publish","type":"page","link":"https:\/\/ansisl.com\/en\/politica-de-calidad\/","title":{"rendered":"Pol\u00edtica de Calidad &#8211; ANSI &#8211; An\u00e1lisis y soluciones de ingenier\u00eda (Pontevedra)"},"content":{"rendered":"<div data-elementor-type=\"wp-page\" data-elementor-id=\"997\" class=\"elementor elementor-997\">\n\t\t\t\t<div class=\"elementor-element elementor-element-77eccfca e-con-full e-grid e-con e-parent\" data-id=\"77eccfca\" data-element_type=\"container\" data-settings=\"{&quot;background_background&quot;:&quot;classic&quot;}\">\n\t\t<div class=\"elementor-element elementor-element-65310753 e-grid e-con-full e-con e-child\" data-id=\"65310753\" data-element_type=\"container\">\n\t\t\t\t<\/div>\n\t\t\t\t<div class=\"elementor-element elementor-element-197b58f1 elementor-widget elementor-widget-text-editor\" data-id=\"197b58f1\" data-element_type=\"widget\" data-widget_type=\"text-editor.default\">\n\t\t\t\t\t\t\t\t\t<div class=\"et_pb_module et_pb_text et_pb_text_0 et_pb_text_align_left et_pb_bg_layout_light\" style=\"margin: 0px; border: 0px; outline: 0px; text-size-adjust: 100%; vertical-align: baseline; background-image: initial; background-position: 50% center; background-size: cover; background-repeat: no-repeat; background-attachment: initial; background-origin: initial; background-clip: initial; position: relative; animation-timing-function: linear; animation-duration: 0.2s; overflow-wrap: break-word; line-height: 28px; width: 697.188px;\"><div class=\"et_pb_text_inner\" style=\"margin: 0px; padding: 0px; border: 0px; outline: 0px; text-size-adjust: 100%; vertical-align: baseline; background: transparent; position: relative;\"><h1 style=\"margin-bottom: 0px; padding-bottom: 10px; text-size-adjust: 100%; background: transparent; line-height: 55px;\"><span style=\"color: #0093c6;\"><span style=\"background-color: transparent; text-align: var(--text-align); font-size: 45px;\"><span style=\"font-family: 'Nunito Sans', Helvetica, Arial, Lucida, sans-serif;\">QUALITY POLICY<\/span><\/span><span style=\"background-color: transparent; font-family: Roboto, Helvetica, Arial, Lucida, sans-serif; font-weight: var( --e-global-typography-text-font-weight ); text-align: var(--text-align); font-size: 1rem;\">\u00a0<\/span><\/span><\/h1><\/div><\/div>\t\t\t\t\t\t\t\t<\/div>\n\t\t\t\t<\/div>\n\t\t<div class=\"elementor-element elementor-element-8d0b953 e-grid e-con-boxed e-con e-parent\" data-id=\"8d0b953\" data-element_type=\"container\">\n\t\t\t\t\t<div class=\"e-con-inner\">\n\t\t\t\t<div class=\"elementor-element elementor-element-4b93a47 elementor-widget elementor-widget-text-editor\" data-id=\"4b93a47\" data-element_type=\"widget\" data-widget_type=\"text-editor.default\">\n\t\t\t\t\t\t\t\t\t<p>ANSI is firmly committed to a quality policy based on the following principles and objectives:&nbsp;<\/p>\n<ul>\n<li>The main objective is to achieve full customer satisfaction through strict compliance with requirements.&nbsp;<\/li>\n<li>Promote quality as a fundamental principle for the development of the company's activity.&nbsp;<\/li>\n<li>To keep the quality system up to date, for the whole company, involving each and every<br>one of the members and departments that make up Ansi, starting with the management, trying to<br>obtain a better functioning and a better organisation.<\/li>\n<li>To achieve continuous improvement by making the company more flexible, in order to correct<br>any deficiencies or non-conformities that may occur as quickly as possible, and if they are known or sensed, to prevent them.<\/li>\n<li>We are committed to comply with legal and other requirements to which the organisation<br><span style=\"background-color: var(--ast-global-color-5);\">may subscribe.<\/span><\/li>\n<li>The quality policy is available to our employees and is posted at visible points in<br><span style=\"background-color: var(--ast-global-color-5);\">our facilities for anyone who may be interested.<\/span><\/li>\n<\/ul>\n<p>These principles and commitments constitute the general framework for the establishment of our organisation's quality objectives and<br><span style=\"background-color: var(--ast-global-color-5);\">targets, always aiming at continuous improvement.<\/span><\/p>\n<p>ANSI's quality system is based on the requirements of ISO 9001.<\/p>\t\t\t\t\t\t\t\t<\/div>\n\t\t\t\t<div class=\"elementor-element elementor-element-da36039 elementor-widget elementor-widget-button\" data-id=\"da36039\" data-element_type=\"widget\" data-widget_type=\"button.default\">\n\t\t\t\t\t\t\t\t\t\t<a class=\"elementor-button elementor-button-link elementor-size-sm\" href=\"https:\/\/ansisl.com\/wp-content\/uploads\/2024\/02\/Politica-de-calidad-ISO9001-ANSISL_2024.pdf\">\n\t\t\t\t\t\t<span class=\"elementor-button-content-wrapper\">\n\t\t\t\t\t\t\t\t\t<span class=\"elementor-button-text\">Download our quality policy<\/span>\n\t\t\t\t\t<\/span>\n\t\t\t\t\t<\/a>\n\t\t\t\t\t\t\t\t<\/div>\n\t\t\t\t\t<\/div>\n\t\t\t\t<\/div>\n\t\t\t\t<\/div>","protected":false},"excerpt":{"rendered":"<p>POL\u00cdTICA DE CALIDAD\u00a0 ANSI apuesta decididamente por una pol\u00edtica de calidad sustentada en los principios y objetivos siguientes:&nbsp; El principal [&hellip;]<\/p>","protected":false},"author":1,"featured_media":0,"parent":0,"menu_order":0,"comment_status":"closed","ping_status":"closed","template":"","meta":{"site-sidebar-layout":"no-sidebar","site-content-layout":"","ast-site-content-layout":"full-width-container","site-content-style":"default","site-sidebar-style":"default","ast-global-header-display":"","ast-banner-title-visibility":"","ast-main-header-display":"","ast-hfb-above-header-display":"","ast-hfb-below-header-display":"","ast-hfb-mobile-header-display":"","site-post-title":"disabled","ast-breadcrumbs-content":"","ast-featured-img":"disabled","footer-sml-layout":"","theme-transparent-header-meta":"","adv-header-id-meta":"","stick-header-meta":"","header-above-stick-meta":"","header-main-stick-meta":"","header-below-stick-meta":"","astra-migrate-meta-layouts":"default","ast-page-background-enabled":"default","ast-page-background-meta":{"desktop":{"background-color":"var(--ast-global-color-4)","background-image":"","background-repeat":"repeat","background-position":"center center","background-size":"auto","background-attachment":"scroll","background-type":"","background-media":"","overlay-type":"","overlay-color":"","overlay-opacity":"","overlay-gradient":""},"tablet":{"background-color":"","background-image":"","background-repeat":"repeat","background-position":"center center","background-size":"auto","background-attachment":"scroll","background-type":"","background-media":"","overlay-type":"","overlay-color":"","overlay-opacity":"","overlay-gradient":""},"mobile":{"background-color":"","background-image":"","background-repeat":"repeat","background-position":"center center","background-size":"auto","background-attachment":"scroll","background-type":"","background-media":"","overlay-type":"","overlay-color":"","overlay-opacity":"","overlay-gradient":""}},"ast-content-background-meta":{"desktop":{"background-color":"var(--ast-global-color-5)","background-image":"","background-repeat":"repeat","background-position":"center center","background-size":"auto","background-attachment":"scroll","background-type":"","background-media":"","overlay-type":"","overlay-color":"","overlay-opacity":"","overlay-gradient":""},"tablet":{"background-color":"var(--ast-global-color-5)","background-image":"","background-repeat":"repeat","background-position":"center center","background-size":"auto","background-attachment":"scroll","background-type":"","background-media":"","overlay-type":"","overlay-color":"","overlay-opacity":"","overlay-gradient":""},"mobile":{"background-color":"var(--ast-global-color-5)","background-image":"","background-repeat":"repeat","background-position":"center center","background-size":"auto","background-attachment":"scroll","background-type":"","background-media":"","overlay-type":"","overlay-color":"","overlay-opacity":"","overlay-gradient":""}},"powered_cache_disable_cache":false,"powered_cache_disable_lazyload":false,"footnotes":""},"class_list":["post-997","page","type-page","status-publish","hentry"],"yoast_head":"<!-- This site is optimized with the Yoast SEO plugin v26.3 - https:\/\/yoast.com\/wordpress\/plugins\/seo\/ -->\n<title>Pol\u00edtica de Calidad - ANSI - An\u00e1lisis y soluciones de ingenier\u00eda (Pontevedra) - ANSI - An\u00e1lisis y soluciones de ingenier\u00eda<\/title>\n<meta name=\"robots\" content=\"index, follow, max-snippet:-1, max-image-preview:large, max-video-preview:-1\" \/>\n<link rel=\"canonical\" href=\"https:\/\/ansisl.com\/en\/politica-de-calidad\/\" \/>\n<meta property=\"og:locale\" content=\"en_GB\" \/>\n<meta property=\"og:type\" content=\"article\" \/>\n<meta property=\"og:title\" content=\"Pol\u00edtica de Calidad - ANSI - An\u00e1lisis y soluciones de ingenier\u00eda (Pontevedra) - ANSI - An\u00e1lisis y soluciones de ingenier\u00eda\" \/>\n<meta property=\"og:description\" content=\"POL\u00cdTICA DE CALIDAD\u00a0 ANSI apuesta decididamente por una pol\u00edtica de calidad sustentada en los principios y objetivos siguientes:&nbsp; El principal [&hellip;]\" \/>\n<meta property=\"og:url\" content=\"https:\/\/ansisl.com\/en\/politica-de-calidad\/\" \/>\n<meta property=\"og:site_name\" content=\"ANSI - An\u00e1lisis y soluciones de ingenier\u00eda\" \/>\n<meta property=\"article:modified_time\" content=\"2024-10-10T06:19:45+00:00\" \/>\n<meta name=\"twitter:card\" content=\"summary_large_image\" \/>\n<meta name=\"twitter:label1\" content=\"Estimated reading time\" \/>\n\t<meta name=\"twitter:data1\" content=\"1 minute\" \/>\n<script type=\"application\/ld+json\" class=\"yoast-schema-graph\">{\"@context\":\"https:\/\/schema.org\",\"@graph\":[{\"@type\":\"WebPage\",\"@id\":\"https:\/\/ansisl.com\/politica-de-calidad\/\",\"url\":\"https:\/\/ansisl.com\/politica-de-calidad\/\",\"name\":\"Pol\u00edtica de Calidad - ANSI - An\u00e1lisis y soluciones de ingenier\u00eda (Pontevedra) - ANSI - An\u00e1lisis y soluciones de ingenier\u00eda\",\"isPartOf\":{\"@id\":\"https:\/\/ansisl.com\/#website\"},\"datePublished\":\"2024-09-26T11:45:15+00:00\",\"dateModified\":\"2024-10-10T06:19:45+00:00\",\"breadcrumb\":{\"@id\":\"https:\/\/ansisl.com\/politica-de-calidad\/#breadcrumb\"},\"inLanguage\":\"en-GB\",\"potentialAction\":[{\"@type\":\"ReadAction\",\"target\":[\"https:\/\/ansisl.com\/politica-de-calidad\/\"]}]},{\"@type\":\"BreadcrumbList\",\"@id\":\"https:\/\/ansisl.com\/politica-de-calidad\/#breadcrumb\",\"itemListElement\":[{\"@type\":\"ListItem\",\"position\":1,\"name\":\"Portada\",\"item\":\"https:\/\/ansisl.com\/\"},{\"@type\":\"ListItem\",\"position\":2,\"name\":\"Pol\u00edtica de Calidad &#8211; ANSI &#8211; An\u00e1lisis y soluciones de ingenier\u00eda (Pontevedra)\"}]},{\"@type\":\"WebSite\",\"@id\":\"https:\/\/ansisl.com\/#website\",\"url\":\"https:\/\/ansisl.com\/\",\"name\":\"ANSI - An\u00e1lisis y soluciones de ingenier\u00eda\",\"description\":\"\",\"publisher\":{\"@id\":\"https:\/\/ansisl.com\/#organization\"},\"potentialAction\":[{\"@type\":\"SearchAction\",\"target\":{\"@type\":\"EntryPoint\",\"urlTemplate\":\"https:\/\/ansisl.com\/?s={search_term_string}\"},\"query-input\":{\"@type\":\"PropertyValueSpecification\",\"valueRequired\":true,\"valueName\":\"search_term_string\"}}],\"inLanguage\":\"en-GB\"},{\"@type\":\"Organization\",\"@id\":\"https:\/\/ansisl.com\/#organization\",\"name\":\"ANSI - An\u00e1lisis y soluciones de ingenier\u00eda\",\"url\":\"https:\/\/ansisl.com\/\",\"logo\":{\"@type\":\"ImageObject\",\"inLanguage\":\"en-GB\",\"@id\":\"https:\/\/ansisl.com\/#\/schema\/logo\/image\/\",\"url\":\"http:\/\/localhost\/miweb\/wp-content\/uploads\/2024\/09\/Azul-con-tagline-1.png\",\"contentUrl\":\"http:\/\/localhost\/miweb\/wp-content\/uploads\/2024\/09\/Azul-con-tagline-1.png\",\"width\":6337,\"height\":2505,\"caption\":\"ANSI - An\u00e1lisis y soluciones de ingenier\u00eda\"},\"image\":{\"@id\":\"https:\/\/ansisl.com\/#\/schema\/logo\/image\/\"},\"sameAs\":[\"https:\/\/www.linkedin.com\/company\/analisis-y-soluciones-de-ingenieria-s-l\/\",\"https:\/\/www.youtube.com\/channel\/UCEXjLkQzgODcMsnCfluQSeQ\"]}]}<\/script>\n<!-- \/ Yoast SEO plugin. -->","yoast_head_json":{"title":"Pol\u00edtica de Calidad - ANSI - An\u00e1lisis y soluciones de ingenier\u00eda (Pontevedra) - ANSI - An\u00e1lisis y soluciones de ingenier\u00eda","robots":{"index":"index","follow":"follow","max-snippet":"max-snippet:-1","max-image-preview":"max-image-preview:large","max-video-preview":"max-video-preview:-1"},"canonical":"https:\/\/ansisl.com\/en\/politica-de-calidad\/","og_locale":"en_GB","og_type":"article","og_title":"Pol\u00edtica de Calidad - ANSI - An\u00e1lisis y soluciones de ingenier\u00eda (Pontevedra) - ANSI - An\u00e1lisis y soluciones de ingenier\u00eda","og_description":"POL\u00cdTICA DE CALIDAD\u00a0 ANSI apuesta decididamente por una pol\u00edtica de calidad sustentada en los principios y objetivos siguientes:&nbsp; El principal [&hellip;]","og_url":"https:\/\/ansisl.com\/en\/politica-de-calidad\/","og_site_name":"ANSI - An\u00e1lisis y soluciones de ingenier\u00eda","article_modified_time":"2024-10-10T06:19:45+00:00","twitter_card":"summary_large_image","twitter_misc":{"Estimated reading time":"1 minute"},"schema":{"@context":"https:\/\/schema.org","@graph":[{"@type":"WebPage","@id":"https:\/\/ansisl.com\/politica-de-calidad\/","url":"https:\/\/ansisl.com\/politica-de-calidad\/","name":"Pol\u00edtica de Calidad - ANSI - An\u00e1lisis y soluciones de ingenier\u00eda (Pontevedra) - ANSI - An\u00e1lisis y soluciones de ingenier\u00eda","isPartOf":{"@id":"https:\/\/ansisl.com\/#website"},"datePublished":"2024-09-26T11:45:15+00:00","dateModified":"2024-10-10T06:19:45+00:00","breadcrumb":{"@id":"https:\/\/ansisl.com\/politica-de-calidad\/#breadcrumb"},"inLanguage":"en-GB","potentialAction":[{"@type":"ReadAction","target":["https:\/\/ansisl.com\/politica-de-calidad\/"]}]},{"@type":"BreadcrumbList","@id":"https:\/\/ansisl.com\/politica-de-calidad\/#breadcrumb","itemListElement":[{"@type":"ListItem","position":1,"name":"Portada","item":"https:\/\/ansisl.com\/"},{"@type":"ListItem","position":2,"name":"Pol\u00edtica de Calidad &#8211; ANSI &#8211; An\u00e1lisis y soluciones de ingenier\u00eda (Pontevedra)"}]},{"@type":"WebSite","@id":"https:\/\/ansisl.com\/#website","url":"https:\/\/ansisl.com\/","name":"ANSI - An\u00e1lisis y soluciones de ingenier\u00eda","description":"","publisher":{"@id":"https:\/\/ansisl.com\/#organization"},"potentialAction":[{"@type":"SearchAction","target":{"@type":"EntryPoint","urlTemplate":"https:\/\/ansisl.com\/?s={search_term_string}"},"query-input":{"@type":"PropertyValueSpecification","valueRequired":true,"valueName":"search_term_string"}}],"inLanguage":"en-GB"},{"@type":"Organization","@id":"https:\/\/ansisl.com\/#organization","name":"ANSI - An\u00e1lisis y soluciones de ingenier\u00eda","url":"https:\/\/ansisl.com\/","logo":{"@type":"ImageObject","inLanguage":"en-GB","@id":"https:\/\/ansisl.com\/#\/schema\/logo\/image\/","url":"http:\/\/localhost\/miweb\/wp-content\/uploads\/2024\/09\/Azul-con-tagline-1.png","contentUrl":"http:\/\/localhost\/miweb\/wp-content\/uploads\/2024\/09\/Azul-con-tagline-1.png","width":6337,"height":2505,"caption":"ANSI - An\u00e1lisis y soluciones de ingenier\u00eda"},"image":{"@id":"https:\/\/ansisl.com\/#\/schema\/logo\/image\/"},"sameAs":["https:\/\/www.linkedin.com\/company\/analisis-y-soluciones-de-ingenieria-s-l\/","https:\/\/www.youtube.com\/channel\/UCEXjLkQzgODcMsnCfluQSeQ"]}]}},"_links":{"self":[{"href":"https:\/\/ansisl.com\/en\/wp-json\/wp\/v2\/pages\/997","targetHints":{"allow":["GET"]}}],"collection":[{"href":"https:\/\/ansisl.com\/en\/wp-json\/wp\/v2\/pages"}],"about":[{"href":"https:\/\/ansisl.com\/en\/wp-json\/wp\/v2\/types\/page"}],"author":[{"embeddable":true,"href":"https:\/\/ansisl.com\/en\/wp-json\/wp\/v2\/users\/1"}],"replies":[{"embeddable":true,"href":"https:\/\/ansisl.com\/en\/wp-json\/wp\/v2\/comments?post=997"}],"version-history":[{"count":0,"href":"https:\/\/ansisl.com\/en\/wp-json\/wp\/v2\/pages\/997\/revisions"}],"wp:attachment":[{"href":"https:\/\/ansisl.com\/en\/wp-json\/wp\/v2\/media?parent=997"}],"curies":[{"name":"wp","href":"https:\/\/api.w.org\/{rel}","templated":true}]}}