{"id":850,"date":"2024-09-26T11:28:05","date_gmt":"2024-09-26T09:28:05","guid":{"rendered":"http:\/\/localhost\/ansi\/?page_id=850"},"modified":"2024-10-01T08:48:33","modified_gmt":"2024-10-01T06:48:33","slug":"aviso-legal","status":"publish","type":"page","link":"https:\/\/ansisl.com\/en\/aviso-legal\/","title":{"rendered":"Aviso Legal &#8211; ANSI &#8211; An\u00e1lisis y soluciones de ingenier\u00eda (Pontevedra)"},"content":{"rendered":"<div data-elementor-type=\"wp-page\" data-elementor-id=\"850\" class=\"elementor elementor-850\">\n\t\t\t\t<div class=\"elementor-element elementor-element-77eccfca e-con-full e-grid e-con e-parent\" data-id=\"77eccfca\" data-element_type=\"container\" data-settings=\"{&quot;background_background&quot;:&quot;classic&quot;}\">\n\t\t<div class=\"elementor-element elementor-element-65310753 e-grid e-con-full e-con e-child\" data-id=\"65310753\" data-element_type=\"container\">\n\t\t\t\t<\/div>\n\t\t\t\t<div class=\"elementor-element elementor-element-197b58f1 elementor-widget elementor-widget-text-editor\" data-id=\"197b58f1\" data-element_type=\"widget\" data-widget_type=\"text-editor.default\">\n\t\t\t\t\t\t\t\t\t<div class=\"et_pb_module et_pb_text et_pb_text_0 et_pb_text_align_left et_pb_bg_layout_light\" style=\"margin: 0px; border: 0px; outline: 0px; text-size-adjust: 100%; vertical-align: baseline; background-image: initial; background-position: 50% center; background-size: cover; background-repeat: no-repeat; background-attachment: initial; background-origin: initial; background-clip: initial; position: relative; animation-timing-function: linear; animation-duration: 0.2s; overflow-wrap: break-word; line-height: 28px; width: 697.188px;\">\n<div class=\"et_pb_text_inner\" style=\"margin: 0px; padding: 0px; border: 0px; outline: 0px; text-size-adjust: 100%; vertical-align: baseline; background: transparent; position: relative;\">\n<h1 style=\"margin-bottom: 0px; padding-bottom: 10px; text-size-adjust: 100%; background: transparent; line-height: 55px;\"><span style=\"background-color: transparent; font-style: inherit; font-weight: inherit; text-align: var(--text-align); font-size: 45px; color: #0093c6;\"><span style=\"font-family: 'Nunito Sans', Helvetica, Arial, Lucida, sans-serif;\"><br><\/span><\/span><\/h1><h1 style=\"margin-bottom: 0px; padding-bottom: 10px; text-size-adjust: 100%; background: transparent; line-height: 55px;\"><span style=\"background-color: transparent; font-style: inherit; font-weight: inherit; text-align: var(--text-align); font-size: 45px; color: #0093c6;\"><span style=\"font-family: 'Nunito Sans', Helvetica, Arial, Lucida, sans-serif;\">LEGAL NOTICE<\/span><\/span><\/h1>\n<\/div>\n<\/div>\n<div class=\"et_pb_module et_pb_text et_pb_text_1 et_pb_text_align_left et_pb_bg_layout_light\" style=\"margin: 0px; padding: 0px; border: 0px; outline: 0px; text-size-adjust: 100%; vertical-align: baseline; background-image: initial; background-position: 50% center; background-size: cover; background-repeat: no-repeat; background-attachment: initial; background-origin: initial; background-clip: initial; position: relative; animation-timing-function: linear; animation-duration: 0.2s; overflow-wrap: break-word; font-family: Roboto, Helvetica, Arial, Lucida, sans-serif; line-height: 28px; width: 1394.39px; color: #000000 !important;\">\n<div class=\"et_pb_text_inner\" style=\"margin: 0px; padding: 0px; border: 0px; outline: 0px; text-size-adjust: 100%; vertical-align: baseline; background: transparent; position: relative;\">&nbsp;<\/div>\n<\/div>\t\t\t\t\t\t\t\t<\/div>\n\t\t\t\t<\/div>\n\t\t<div class=\"elementor-element elementor-element-8d0b953 e-flex e-con-boxed e-con e-parent\" data-id=\"8d0b953\" data-element_type=\"container\">\n\t\t\t\t\t<div class=\"e-con-inner\">\n\t\t\t\t<div class=\"elementor-element elementor-element-4b93a47 elementor-widget elementor-widget-text-editor\" data-id=\"4b93a47\" data-element_type=\"widget\" data-widget_type=\"text-editor.default\">\n\t\t\t\t\t\t\t\t\t<p style=\"margin-bottom: 0px; padding-bottom: 1em; font-size: 16px; text-size-adjust: 100%; background-image: initial; background-position: initial; background-size: initial; background-repeat: initial; background-attachment: initial; background-origin: initial; background-clip: initial; color: #636569; font-family: 'Open Sans', Helvetica, Arial, Lucida, sans-serif; font-style: normal; font-weight: 500; text-align: justify;\"><span style=\"margin: 0px; padding: 0px; border: 0px; outline: 0px; text-size-adjust: 100%; vertical-align: baseline; background: transparent; font-weight: bold;\">IDENTIFYING INFORMATION<\/span><\/p><ul style=\"margin-bottom: 0px; margin-left: 0px; padding-bottom: 1em; padding-left: 30px; font-size: 16px; text-size-adjust: 100%; background-image: initial; background-position: initial; background-size: initial; background-repeat: initial; background-attachment: initial; background-origin: initial; background-clip: initial; line-height: 26px; color: #636569; font-family: 'Open Sans', Helvetica, Arial, Lucida, sans-serif; font-style: normal; font-weight: 500; text-align: justify;\"><li style=\"font-size: 16px; text-size-adjust: 100%; background: transparent;\">Website: www.ansisl.com<\/li><li style=\"font-size: 16px; text-size-adjust: 100%; background: transparent;\">Owner: An\u00e1lisis y Soluciones de Ingenieria , S.L. (hereinafter referred to as \"ANSI\")<\/li><li style=\"font-size: 16px; text-size-adjust: 100%; background: transparent;\">NIF: B-36525772<\/li><li style=\"font-size: 16px; text-size-adjust: 100%; background: transparent;\">Address: R\u00faa Alfredo Garc\u00eda Alen 4, bajo. 36002 Pontevedra<\/li><li style=\"font-size: 16px; text-size-adjust: 100%; background: transparent;\">E-mail address: info@ansisl.com<\/li><li style=\"font-size: 16px; text-size-adjust: 100%; background: transparent;\">Commercial Register: ANSI is registered in the Commercial Register of Pontevedra: Book 3208 - Folio 150 - Page PO - 40336<\/li><\/ul><p style=\"margin-bottom: 0px; padding-bottom: 1em; font-size: 16px; text-size-adjust: 100%; background-image: initial; background-position: initial; background-size: initial; background-repeat: initial; background-attachment: initial; background-origin: initial; background-clip: initial; color: #636569; font-family: 'Open Sans', Helvetica, Arial, Lucida, sans-serif; font-style: normal; font-weight: 500; text-align: justify;\"><span style=\"margin: 0px; padding: 0px; border: 0px; outline: 0px; text-size-adjust: 100%; vertical-align: baseline; background: transparent; font-weight: bold;\">WEBSITE CONTENT<\/span><\/p><p style=\"margin-bottom: 0px; padding-bottom: 1em; padding-left: 30px; font-size: 16px; text-size-adjust: 100%; background-image: initial; background-position: initial; background-size: initial; background-repeat: initial; background-attachment: initial; background-origin: initial; background-clip: initial; color: #636569; font-family: 'Open Sans', Helvetica, Arial, Lucida, sans-serif; font-style: normal; font-weight: 500; text-align: justify;\"><span style=\"margin: 0px; padding: 0px; border: 0px; outline: 0px; text-size-adjust: 100%; vertical-align: baseline; background: transparent; font-weight: bold;\">1.\u00a0<\/span>Please note that ANSI is the owner of all intellectual and industrial property rights to the website, as well as to the elements contained therein (including but not limited to images, sound, audio, video, software or text; trademarks or logos, color combinations, structure and design, selection of materials used, computer programs necessary for its operation, access and use, etc.)<\/p><p style=\"margin-bottom: 0px; padding-bottom: 1em; padding-left: 30px; font-size: 16px; text-size-adjust: 100%; background-image: initial; background-position: initial; background-size: initial; background-repeat: initial; background-attachment: initial; background-origin: initial; background-clip: initial; color: #636569; font-family: 'Open Sans', Helvetica, Arial, Lucida, sans-serif; font-style: normal; font-weight: 500; text-align: justify;\"><span style=\"margin: 0px; padding: 0px; border: 0px; outline: 0px; text-size-adjust: 100%; vertical-align: baseline; background: transparent; font-weight: bold;\">2.<\/span>\u00a0ANSI's website is composed of texts intended to inform users and clients. Any errors or omissions in the generated content will not hold ANSI responsible in any way, and articles published in our blog and newsletter will acknowledge authorship, but can never be considered a substitute for legal advice.<\/p><p style=\"margin-bottom: 0px; padding-bottom: 1em; padding-left: 30px; font-size: 16px; text-size-adjust: 100%; background-image: initial; background-position: initial; background-size: initial; background-repeat: initial; background-attachment: initial; background-origin: initial; background-clip: initial; color: #636569; font-family: 'Open Sans', Helvetica, Arial, Lucida, sans-serif; font-style: normal; font-weight: 500; text-align: justify;\"><span style=\"margin: 0px; padding: 0px; border: 0px; outline: 0px; text-size-adjust: 100%; vertical-align: baseline; background: transparent; font-weight: bold;\">3.<\/span>\u00a0ANSI is not responsible for those contents to which our users will have access through third party links contained in our website. The use of these third party links does not imply ANSI's approval of the contents of the external sites.<\/p><p style=\"margin-bottom: 0px; padding-bottom: 1em; font-size: 16px; text-size-adjust: 100%; background-image: initial; background-position: initial; background-size: initial; background-repeat: initial; background-attachment: initial; background-origin: initial; background-clip: initial; color: #636569; font-family: 'Open Sans', Helvetica, Arial, Lucida, sans-serif; font-style: normal; font-weight: 500; text-align: justify;\"><span style=\"margin: 0px; padding: 0px; border: 0px; outline: 0px; text-size-adjust: 100%; vertical-align: baseline; background: transparent; font-weight: bold;\">LAW AND JURISDICTION<\/span><\/p><p style=\"margin-bottom: 0px; padding-left: 30px; font-size: 16px; text-size-adjust: 100%; background-image: initial; background-position: initial; background-size: initial; background-repeat: initial; background-attachment: initial; background-origin: initial; background-clip: initial; color: #636569; font-family: 'Open Sans', Helvetica, Arial, Lucida, sans-serif; font-style: normal; font-weight: 500; text-align: justify;\">Our legal texts are governed by Spanish law. These texts will remain accessible to users at all times from our website. If the parties do not agree to submit to mediation or arbitration beforehand, in this legal notice, the parties agree to submit to the Courts and Tribunals of Pontevedra, as this is the place where the contract is concluded and expressly renounce any other jurisdiction.<\/p>\t\t\t\t\t\t\t\t<\/div>\n\t\t\t\t\t<\/div>\n\t\t\t\t<\/div>\n\t\t\t\t<\/div>","protected":false},"excerpt":{"rendered":"<p>AVISO LEGAL &nbsp; DATOS IDENTIFICATIVOS P\u00e1gina web: www.ansisl.com Titular: An\u00e1lisis y Soluciones de Ingenieria , S.L. (en adelante, \u201cANSI\u201d) NIF: [&hellip;]<\/p>","protected":false},"author":1,"featured_media":0,"parent":0,"menu_order":0,"comment_status":"closed","ping_status":"closed","template":"","meta":{"site-sidebar-layout":"no-sidebar","site-content-layout":"","ast-site-content-layout":"full-width-container","site-content-style":"default","site-sidebar-style":"default","ast-global-header-display":"","ast-banner-title-visibility":"","ast-main-header-display":"","ast-hfb-above-header-display":"","ast-hfb-below-header-display":"","ast-hfb-mobile-header-display":"","site-post-title":"disabled","ast-breadcrumbs-content":"","ast-featured-img":"disabled","footer-sml-layout":"","theme-transparent-header-meta":"","adv-header-id-meta":"","stick-header-meta":"","header-above-stick-meta":"","header-main-stick-meta":"","header-below-stick-meta":"","astra-migrate-meta-layouts":"default","ast-page-background-enabled":"default","ast-page-background-meta":{"desktop":{"background-color":"var(--ast-global-color-4)","background-image":"","background-repeat":"repeat","background-position":"center center","background-size":"auto","background-attachment":"scroll","background-type":"","background-media":"","overlay-type":"","overlay-color":"","overlay-opacity":"","overlay-gradient":""},"tablet":{"background-color":"","background-image":"","background-repeat":"repeat","background-position":"center center","background-size":"auto","background-attachment":"scroll","background-type":"","background-media":"","overlay-type":"","overlay-color":"","overlay-opacity":"","overlay-gradient":""},"mobile":{"background-color":"","background-image":"","background-repeat":"repeat","background-position":"center center","background-size":"auto","background-attachment":"scroll","background-type":"","background-media":"","overlay-type":"","overlay-color":"","overlay-opacity":"","overlay-gradient":""}},"ast-content-background-meta":{"desktop":{"background-color":"var(--ast-global-color-5)","background-image":"","background-repeat":"repeat","background-position":"center center","background-size":"auto","background-attachment":"scroll","background-type":"","background-media":"","overlay-type":"","overlay-color":"","overlay-opacity":"","overlay-gradient":""},"tablet":{"background-color":"var(--ast-global-color-5)","background-image":"","background-repeat":"repeat","background-position":"center center","background-size":"auto","background-attachment":"scroll","background-type":"","background-media":"","overlay-type":"","overlay-color":"","overlay-opacity":"","overlay-gradient":""},"mobile":{"background-color":"var(--ast-global-color-5)","background-image":"","background-repeat":"repeat","background-position":"center center","background-size":"auto","background-attachment":"scroll","background-type":"","background-media":"","overlay-type":"","overlay-color":"","overlay-opacity":"","overlay-gradient":""}},"powered_cache_disable_cache":false,"powered_cache_disable_lazyload":false,"footnotes":""},"class_list":["post-850","page","type-page","status-publish","hentry"],"yoast_head":"<!-- This site is optimized with the Yoast SEO plugin v26.3 - https:\/\/yoast.com\/wordpress\/plugins\/seo\/ -->\n<title>Aviso Legal - ANSI - An\u00e1lisis y soluciones de ingenier\u00eda (Pontevedra) - ANSI - An\u00e1lisis y soluciones de ingenier\u00eda<\/title>\n<meta name=\"robots\" content=\"index, follow, max-snippet:-1, max-image-preview:large, max-video-preview:-1\" \/>\n<link rel=\"canonical\" href=\"https:\/\/ansisl.com\/en\/aviso-legal\/\" \/>\n<meta property=\"og:locale\" content=\"en_GB\" \/>\n<meta property=\"og:type\" content=\"article\" \/>\n<meta property=\"og:title\" content=\"Aviso Legal - ANSI - An\u00e1lisis y soluciones de ingenier\u00eda (Pontevedra) - ANSI - An\u00e1lisis y soluciones de ingenier\u00eda\" \/>\n<meta property=\"og:description\" content=\"AVISO LEGAL &nbsp; DATOS IDENTIFICATIVOS P\u00e1gina web: www.ansisl.com Titular: An\u00e1lisis y Soluciones de Ingenieria , S.L. (en adelante, \u201cANSI\u201d) NIF: [&hellip;]\" \/>\n<meta property=\"og:url\" content=\"https:\/\/ansisl.com\/en\/aviso-legal\/\" \/>\n<meta property=\"og:site_name\" content=\"ANSI - An\u00e1lisis y soluciones de ingenier\u00eda\" \/>\n<meta property=\"article:modified_time\" content=\"2024-10-01T06:48:33+00:00\" \/>\n<meta name=\"twitter:card\" content=\"summary_large_image\" \/>\n<meta name=\"twitter:label1\" content=\"Estimated reading time\" \/>\n\t<meta name=\"twitter:data1\" content=\"2 minutes\" \/>\n<script type=\"application\/ld+json\" class=\"yoast-schema-graph\">{\"@context\":\"https:\/\/schema.org\",\"@graph\":[{\"@type\":\"WebPage\",\"@id\":\"https:\/\/ansisl.com\/aviso-legal\/\",\"url\":\"https:\/\/ansisl.com\/aviso-legal\/\",\"name\":\"Aviso Legal - ANSI - An\u00e1lisis y soluciones de ingenier\u00eda (Pontevedra) - ANSI - An\u00e1lisis y soluciones de ingenier\u00eda\",\"isPartOf\":{\"@id\":\"https:\/\/ansisl.com\/#website\"},\"datePublished\":\"2024-09-26T09:28:05+00:00\",\"dateModified\":\"2024-10-01T06:48:33+00:00\",\"breadcrumb\":{\"@id\":\"https:\/\/ansisl.com\/aviso-legal\/#breadcrumb\"},\"inLanguage\":\"en-GB\",\"potentialAction\":[{\"@type\":\"ReadAction\",\"target\":[\"https:\/\/ansisl.com\/aviso-legal\/\"]}]},{\"@type\":\"BreadcrumbList\",\"@id\":\"https:\/\/ansisl.com\/aviso-legal\/#breadcrumb\",\"itemListElement\":[{\"@type\":\"ListItem\",\"position\":1,\"name\":\"Portada\",\"item\":\"https:\/\/ansisl.com\/\"},{\"@type\":\"ListItem\",\"position\":2,\"name\":\"Aviso Legal &#8211; ANSI &#8211; An\u00e1lisis y soluciones de ingenier\u00eda (Pontevedra)\"}]},{\"@type\":\"WebSite\",\"@id\":\"https:\/\/ansisl.com\/#website\",\"url\":\"https:\/\/ansisl.com\/\",\"name\":\"ANSI - An\u00e1lisis y soluciones de ingenier\u00eda\",\"description\":\"\",\"publisher\":{\"@id\":\"https:\/\/ansisl.com\/#organization\"},\"potentialAction\":[{\"@type\":\"SearchAction\",\"target\":{\"@type\":\"EntryPoint\",\"urlTemplate\":\"https:\/\/ansisl.com\/?s={search_term_string}\"},\"query-input\":{\"@type\":\"PropertyValueSpecification\",\"valueRequired\":true,\"valueName\":\"search_term_string\"}}],\"inLanguage\":\"en-GB\"},{\"@type\":\"Organization\",\"@id\":\"https:\/\/ansisl.com\/#organization\",\"name\":\"ANSI - An\u00e1lisis y soluciones de ingenier\u00eda\",\"url\":\"https:\/\/ansisl.com\/\",\"logo\":{\"@type\":\"ImageObject\",\"inLanguage\":\"en-GB\",\"@id\":\"https:\/\/ansisl.com\/#\/schema\/logo\/image\/\",\"url\":\"http:\/\/localhost\/miweb\/wp-content\/uploads\/2024\/09\/Azul-con-tagline-1.png\",\"contentUrl\":\"http:\/\/localhost\/miweb\/wp-content\/uploads\/2024\/09\/Azul-con-tagline-1.png\",\"width\":6337,\"height\":2505,\"caption\":\"ANSI - An\u00e1lisis y soluciones de ingenier\u00eda\"},\"image\":{\"@id\":\"https:\/\/ansisl.com\/#\/schema\/logo\/image\/\"},\"sameAs\":[\"https:\/\/www.linkedin.com\/company\/analisis-y-soluciones-de-ingenieria-s-l\/\",\"https:\/\/www.youtube.com\/channel\/UCEXjLkQzgODcMsnCfluQSeQ\"]}]}<\/script>\n<!-- \/ Yoast SEO plugin. -->","yoast_head_json":{"title":"Aviso Legal - ANSI - An\u00e1lisis y soluciones de ingenier\u00eda (Pontevedra) - ANSI - An\u00e1lisis y soluciones de ingenier\u00eda","robots":{"index":"index","follow":"follow","max-snippet":"max-snippet:-1","max-image-preview":"max-image-preview:large","max-video-preview":"max-video-preview:-1"},"canonical":"https:\/\/ansisl.com\/en\/aviso-legal\/","og_locale":"en_GB","og_type":"article","og_title":"Aviso Legal - ANSI - An\u00e1lisis y soluciones de ingenier\u00eda (Pontevedra) - ANSI - An\u00e1lisis y soluciones de ingenier\u00eda","og_description":"AVISO LEGAL &nbsp; DATOS IDENTIFICATIVOS P\u00e1gina web: www.ansisl.com Titular: An\u00e1lisis y Soluciones de Ingenieria , S.L. (en adelante, \u201cANSI\u201d) NIF: [&hellip;]","og_url":"https:\/\/ansisl.com\/en\/aviso-legal\/","og_site_name":"ANSI - An\u00e1lisis y soluciones de ingenier\u00eda","article_modified_time":"2024-10-01T06:48:33+00:00","twitter_card":"summary_large_image","twitter_misc":{"Estimated reading time":"2 minutes"},"schema":{"@context":"https:\/\/schema.org","@graph":[{"@type":"WebPage","@id":"https:\/\/ansisl.com\/aviso-legal\/","url":"https:\/\/ansisl.com\/aviso-legal\/","name":"Aviso Legal - ANSI - An\u00e1lisis y soluciones de ingenier\u00eda (Pontevedra) - ANSI - An\u00e1lisis y soluciones de ingenier\u00eda","isPartOf":{"@id":"https:\/\/ansisl.com\/#website"},"datePublished":"2024-09-26T09:28:05+00:00","dateModified":"2024-10-01T06:48:33+00:00","breadcrumb":{"@id":"https:\/\/ansisl.com\/aviso-legal\/#breadcrumb"},"inLanguage":"en-GB","potentialAction":[{"@type":"ReadAction","target":["https:\/\/ansisl.com\/aviso-legal\/"]}]},{"@type":"BreadcrumbList","@id":"https:\/\/ansisl.com\/aviso-legal\/#breadcrumb","itemListElement":[{"@type":"ListItem","position":1,"name":"Portada","item":"https:\/\/ansisl.com\/"},{"@type":"ListItem","position":2,"name":"Aviso Legal &#8211; ANSI &#8211; An\u00e1lisis y soluciones de ingenier\u00eda (Pontevedra)"}]},{"@type":"WebSite","@id":"https:\/\/ansisl.com\/#website","url":"https:\/\/ansisl.com\/","name":"ANSI - An\u00e1lisis y soluciones de ingenier\u00eda","description":"","publisher":{"@id":"https:\/\/ansisl.com\/#organization"},"potentialAction":[{"@type":"SearchAction","target":{"@type":"EntryPoint","urlTemplate":"https:\/\/ansisl.com\/?s={search_term_string}"},"query-input":{"@type":"PropertyValueSpecification","valueRequired":true,"valueName":"search_term_string"}}],"inLanguage":"en-GB"},{"@type":"Organization","@id":"https:\/\/ansisl.com\/#organization","name":"ANSI - An\u00e1lisis y soluciones de ingenier\u00eda","url":"https:\/\/ansisl.com\/","logo":{"@type":"ImageObject","inLanguage":"en-GB","@id":"https:\/\/ansisl.com\/#\/schema\/logo\/image\/","url":"http:\/\/localhost\/miweb\/wp-content\/uploads\/2024\/09\/Azul-con-tagline-1.png","contentUrl":"http:\/\/localhost\/miweb\/wp-content\/uploads\/2024\/09\/Azul-con-tagline-1.png","width":6337,"height":2505,"caption":"ANSI - An\u00e1lisis y soluciones de ingenier\u00eda"},"image":{"@id":"https:\/\/ansisl.com\/#\/schema\/logo\/image\/"},"sameAs":["https:\/\/www.linkedin.com\/company\/analisis-y-soluciones-de-ingenieria-s-l\/","https:\/\/www.youtube.com\/channel\/UCEXjLkQzgODcMsnCfluQSeQ"]}]}},"_links":{"self":[{"href":"https:\/\/ansisl.com\/en\/wp-json\/wp\/v2\/pages\/850","targetHints":{"allow":["GET"]}}],"collection":[{"href":"https:\/\/ansisl.com\/en\/wp-json\/wp\/v2\/pages"}],"about":[{"href":"https:\/\/ansisl.com\/en\/wp-json\/wp\/v2\/types\/page"}],"author":[{"embeddable":true,"href":"https:\/\/ansisl.com\/en\/wp-json\/wp\/v2\/users\/1"}],"replies":[{"embeddable":true,"href":"https:\/\/ansisl.com\/en\/wp-json\/wp\/v2\/comments?post=850"}],"version-history":[{"count":0,"href":"https:\/\/ansisl.com\/en\/wp-json\/wp\/v2\/pages\/850\/revisions"}],"wp:attachment":[{"href":"https:\/\/ansisl.com\/en\/wp-json\/wp\/v2\/media?parent=850"}],"curies":[{"name":"wp","href":"https:\/\/api.w.org\/{rel}","templated":true}]}}