{"id":2332,"date":"2024-10-08T10:17:42","date_gmt":"2024-10-08T08:17:42","guid":{"rendered":"http:\/\/localhost\/ansi\/?page_id=2332"},"modified":"2025-10-15T10:02:08","modified_gmt":"2025-10-15T08:02:08","slug":"proyectos-de-innovacion","status":"publish","type":"page","link":"https:\/\/ansisl.com\/en\/proyectos-de-innovacion\/","title":{"rendered":"Proyectos de innovaci\u00f3n &#8211; ANSI &#8211; An\u00e1lisis y soluciones de ingenier\u00eda (Pontevedra)"},"content":{"rendered":"<div data-elementor-type=\"wp-page\" data-elementor-id=\"2332\" class=\"elementor elementor-2332\">\n\t\t\t\t<div class=\"elementor-element elementor-element-681cc35 e-con-full e-flex e-con e-parent\" data-id=\"681cc35\" data-element_type=\"container\" data-settings=\"{&quot;background_background&quot;:&quot;classic&quot;}\">\n\t\t<div class=\"elementor-element elementor-element-2214c12 e-flex e-con-boxed e-con e-child\" data-id=\"2214c12\" data-element_type=\"container\">\n\t\t\t\t\t<div class=\"e-con-inner\">\n\t\t<div class=\"elementor-element elementor-element-7431ec7 e-con-full e-flex e-con e-child\" data-id=\"7431ec7\" data-element_type=\"container\">\n\t\t\t\t<div class=\"elementor-element elementor-element-b23491c elementor-widget elementor-widget-text-editor\" data-id=\"b23491c\" data-element_type=\"widget\" data-widget_type=\"text-editor.default\">\n\t\t\t\t\t\t\t\t\t<p style=\"text-align: left;\">Innovation projects<\/p>\t\t\t\t\t\t\t\t<\/div>\n\t\t\t\t<\/div>\n\t\t<div class=\"elementor-element elementor-element-906776a e-con-full e-flex e-con e-child\" data-id=\"906776a\" data-element_type=\"container\">\n\t\t\t\t<div class=\"elementor-element elementor-element-8e85bd5 elementor-widget elementor-widget-text-editor\" data-id=\"8e85bd5\" data-element_type=\"widget\" data-widget_type=\"text-editor.default\">\n\t\t\t\t\t\t\t\t\t<p>We participate in numerous R&amp;D-i projects of University-Company collaboration, as a result of which we have obtained several utility models and an industrial patent.<\/p>\t\t\t\t\t\t\t\t<\/div>\n\t\t\t\t<div class=\"elementor-element elementor-element-26b6846 elementor-widget elementor-widget-spacer\" data-id=\"26b6846\" data-element_type=\"widget\" data-widget_type=\"spacer.default\">\n\t\t\t\t\t\t\t<div class=\"elementor-spacer\">\n\t\t\t<div class=\"elementor-spacer-inner\"><\/div>\n\t\t<\/div>\n\t\t\t\t\t\t<\/div>\n\t\t\t\t<\/div>\n\t\t\t\t\t<\/div>\n\t\t\t\t<\/div>\n\t\t\t\t<\/div>\n\t\t<div class=\"elementor-element elementor-element-9ab0058 e-con-full e-flex e-con e-parent\" data-id=\"9ab0058\" data-element_type=\"container\">\n\t\t\t\t<div class=\"elementor-element elementor-element-03e95bf elementor-widget__width-initial animated-slow elementor-invisible elementor-widget elementor-widget-heading\" data-id=\"03e95bf\" data-element_type=\"widget\" data-settings=\"{&quot;_animation&quot;:&quot;fadeInRight&quot;,&quot;_animation_delay&quot;:1000}\" data-widget_type=\"heading.default\">\n\t\t\t\t\t<h2 class=\"elementor-heading-title elementor-size-default\">State-of-the-art 3D printing<\/h2>\t\t\t\t<\/div>\n\t\t<div class=\"elementor-element elementor-element-c27088b e-con-full e-flex e-con e-child\" data-id=\"c27088b\" data-element_type=\"container\">\n\t\t\t\t<div class=\"elementor-element elementor-element-dbd0983 elementor-widget__width-initial elementor-widget-mobile__width-initial elementor-invisible elementor-widget elementor-widget-image\" data-id=\"dbd0983\" data-element_type=\"widget\" data-settings=\"{&quot;_animation&quot;:&quot;fadeInLeft&quot;,&quot;_animation_delay&quot;:1000}\" data-widget_type=\"image.default\">\n\t\t\t\t\t\t\t\t\t\t\t\t\t\t\t<img fetchpriority=\"high\" decoding=\"async\" width=\"2048\" height=\"1367\" src=\"https:\/\/ansisl.com\/wp-content\/uploads\/2024\/09\/Impresion-3D-de-ultima-generacion.jpg\" class=\"attachment-2048x2048 size-2048x2048 wp-image-818\" alt=\"\" \/>\t\t\t\t\t\t\t\t\t\t\t\t\t\t\t<\/div>\n\t\t<div class=\"elementor-element elementor-element-d974678 e-con-full e-flex e-con e-child\" data-id=\"d974678\" data-element_type=\"container\">\n\t\t\t\t<div class=\"elementor-element elementor-element-0339560 animated-slow elementor-invisible elementor-widget elementor-widget-text-editor\" data-id=\"0339560\" data-element_type=\"widget\" data-settings=\"{&quot;_animation&quot;:&quot;fadeInRight&quot;,&quot;_animation_delay&quot;:1000}\" data-widget_type=\"text-editor.default\">\n\t\t\t\t\t\t\t\t\t<p style=\"text-align: left;\">At ANSI we like to experiment with new technologies and see what they can offer us at any given time, and an important part of our staff is the capacity for renewal that we offer in the face of new approaches.<\/p><p style=\"text-align: left;\">Any time is a good time to investigate new challenges or new avenues for product development and manufacturing.<\/p><p><span style=\"white-space-collapse: preserve;\">\u00a0<\/span><\/p>\t\t\t\t\t\t\t\t<\/div>\n\t\t\t\t<\/div>\n\t\t\t\t<\/div>\n\t\t\t\t<\/div>\n\t\t<div class=\"elementor-element elementor-element-cc6a897 e-flex e-con-boxed e-con e-parent\" data-id=\"cc6a897\" data-element_type=\"container\" data-settings=\"{&quot;background_background&quot;:&quot;gradient&quot;}\">\n\t\t\t\t\t<div class=\"e-con-inner\">\n\t\t\t\t<div class=\"elementor-element elementor-element-7020c40 animated-slow elementor-invisible elementor-widget elementor-widget-heading\" data-id=\"7020c40\" data-element_type=\"widget\" data-settings=\"{&quot;_animation&quot;:&quot;fadeInLeft&quot;,&quot;_animation_delay&quot;:1000}\" data-widget_type=\"heading.default\">\n\t\t\t\t\t<h2 class=\"elementor-heading-title elementor-size-default\">Always on trend<\/h2>\t\t\t\t<\/div>\n\t\t<div class=\"elementor-element elementor-element-40524bf e-con-full e-flex e-con e-child\" data-id=\"40524bf\" data-element_type=\"container\">\n\t\t\t\t<div class=\"elementor-element elementor-element-41cf66e elementor-widget__width-initial elementor-widget-mobile__width-initial elementor-invisible elementor-widget elementor-widget-image\" data-id=\"41cf66e\" data-element_type=\"widget\" data-settings=\"{&quot;_animation&quot;:&quot;fadeInRight&quot;,&quot;_animation_delay&quot;:1000}\" data-widget_type=\"image.default\">\n\t\t\t\t\t\t\t\t\t\t\t\t\t\t\t<img decoding=\"async\" width=\"2048\" height=\"1367\" src=\"https:\/\/ansisl.com\/wp-content\/uploads\/2024\/09\/Siempre-a-la-ultima.jpg\" class=\"attachment-2048x2048 size-2048x2048 wp-image-819\" alt=\"\" \/>\t\t\t\t\t\t\t\t\t\t\t\t\t\t\t<\/div>\n\t\t<div class=\"elementor-element elementor-element-f95c99f e-con-full e-flex e-con e-child\" data-id=\"f95c99f\" data-element_type=\"container\">\n\t\t\t\t<div class=\"elementor-element elementor-element-b970ac0 animated-slow elementor-invisible elementor-widget elementor-widget-text-editor\" data-id=\"b970ac0\" data-element_type=\"widget\" data-settings=\"{&quot;_animation&quot;:&quot;fadeInLeft&quot;,&quot;_animation_delay&quot;:1000}\" data-widget_type=\"text-editor.default\">\n\t\t\t\t\t\t\t\t\t<div class=\"et_pb_row et_pb_row_23 et_pb_equal_columns et_pb_gutters1\"><div class=\"et_pb_column et_pb_column_1_2 et_pb_column_41 col-texto et_pb_css_mix_blend_mode_passthrough et-last-child\" style=\"text-align: left;\"><div class=\"et_pb_module et_pb_text et_pb_text_24 et_pb_text_align_left et_pb_bg_layout_light\"><div class=\"et_pb_text_inner\"><p>Along with our products we always offer the best quality and integration, that is why we always rely on the best brands to integrate in our designs and thus avoid possible obsolescence.<\/p><p>At ANSI we guarantee that all our products will work with guarantees during the whole life cycle of the product, applying updates to solve possible compatibility problems.<\/p><\/div><\/div><\/div><\/div>\t\t\t\t\t\t\t\t<\/div>\n\t\t\t\t<\/div>\n\t\t\t\t<\/div>\n\t\t\t\t\t<\/div>\n\t\t\t\t<\/div>\n\t\t<div class=\"elementor-element elementor-element-1e77935 e-con-full e-flex e-con e-parent\" data-id=\"1e77935\" data-element_type=\"container\">\n\t\t\t\t<div class=\"elementor-element elementor-element-64429a5 elementor-widget__width-initial animated-slow elementor-invisible elementor-widget elementor-widget-heading\" data-id=\"64429a5\" data-element_type=\"widget\" data-settings=\"{&quot;_animation&quot;:&quot;fadeInRight&quot;,&quot;_animation_delay&quot;:1000}\" data-widget_type=\"heading.default\">\n\t\t\t\t\t<h2 class=\"elementor-heading-title elementor-size-default\">Experimentation and testing of new technologies<\/h2>\t\t\t\t<\/div>\n\t\t<div class=\"elementor-element elementor-element-1b4966c e-con-full e-flex e-con e-child\" data-id=\"1b4966c\" data-element_type=\"container\">\n\t\t\t\t<div class=\"elementor-element elementor-element-20c2bc3 elementor-widget__width-initial elementor-widget-mobile__width-initial elementor-invisible elementor-widget elementor-widget-image\" data-id=\"20c2bc3\" data-element_type=\"widget\" data-settings=\"{&quot;_animation&quot;:&quot;fadeInLeft&quot;,&quot;_animation_delay&quot;:1000}\" data-widget_type=\"image.default\">\n\t\t\t\t\t\t\t\t\t\t\t\t\t\t\t<img decoding=\"async\" width=\"2048\" height=\"1367\" src=\"https:\/\/ansisl.com\/wp-content\/uploads\/2024\/09\/Experimentacion-y-testeo-de-nuevas-tecnologias.jpg\" class=\"attachment-2048x2048 size-2048x2048 wp-image-820\" alt=\"\" \/>\t\t\t\t\t\t\t\t\t\t\t\t\t\t\t<\/div>\n\t\t<div class=\"elementor-element elementor-element-82b04aa e-con-full e-flex e-con e-child\" data-id=\"82b04aa\" data-element_type=\"container\">\n\t\t\t\t<div class=\"elementor-element elementor-element-32838f2 animated-slow elementor-invisible elementor-widget elementor-widget-text-editor\" data-id=\"32838f2\" data-element_type=\"widget\" data-settings=\"{&quot;_animation&quot;:&quot;fadeInRight&quot;,&quot;_animation_delay&quot;:1000}\" data-widget_type=\"text-editor.default\">\n\t\t\t\t\t\t\t\t\t<p style=\"text-align: left;\">If you have any questions or want to start a new product or service using new technologies write us through the contact form, our experts will be happy to help you in your project.<\/p>\t\t\t\t\t\t\t\t<\/div>\n\t\t\t\t<\/div>\n\t\t\t\t<\/div>\n\t\t\t\t<\/div>\n\t\t<div class=\"elementor-element elementor-element-2a75239 e-flex e-con-boxed e-con e-parent\" data-id=\"2a75239\" data-element_type=\"container\">\n\t\t\t\t\t<div class=\"e-con-inner\">\n\t\t<div class=\"elementor-element elementor-element-490b381 e-con-full e-flex e-con e-child\" data-id=\"490b381\" data-element_type=\"container\">\n\t\t\t\t<div class=\"elementor-element elementor-element-1bbd6af elementor-align-center animated-slow elementor-invisible elementor-widget elementor-widget-button\" data-id=\"1bbd6af\" data-element_type=\"widget\" data-settings=\"{&quot;_animation&quot;:&quot;fadeInUp&quot;,&quot;_animation_delay&quot;:1000}\" data-widget_type=\"button.default\">\n\t\t\t\t\t\t\t\t\t\t<a class=\"elementor-button elementor-button-link elementor-size-sm\" href=\"http:\/\/localhost\/miweb\/contacto\/\">\n\t\t\t\t\t\t<span class=\"elementor-button-content-wrapper\">\n\t\t\t\t\t\t\t\t\t<span class=\"elementor-button-text\">Contact<\/span>\n\t\t\t\t\t<\/span>\n\t\t\t\t\t<\/a>\n\t\t\t\t\t\t\t\t<\/div>\n\t\t\t\t<div class=\"elementor-element elementor-element-fae7f60 elementor-widget elementor-widget-spacer\" data-id=\"fae7f60\" data-element_type=\"widget\" data-widget_type=\"spacer.default\">\n\t\t\t\t\t\t\t<div class=\"elementor-spacer\">\n\t\t\t<div class=\"elementor-spacer-inner\"><\/div>\n\t\t<\/div>\n\t\t\t\t\t\t<\/div>\n\t\t\t\t<\/div>\n\t\t\t\t\t<\/div>\n\t\t\t\t<\/div>\n\t\t\t\t<\/div>","protected":false},"excerpt":{"rendered":"<p>Proyectos de innovaci\u00f3n Participamos en numerosos proyectos de I-D-i de colaboraci\u00f3n Universidad-Empresa, fruto de los cuales hemos obtenido varios modelos [&hellip;]<\/p>","protected":false},"author":1,"featured_media":0,"parent":0,"menu_order":0,"comment_status":"closed","ping_status":"closed","template":"","meta":{"site-sidebar-layout":"no-sidebar","site-content-layout":"","ast-site-content-layout":"full-width-container","site-content-style":"default","site-sidebar-style":"default","ast-global-header-display":"","ast-banner-title-visibility":"","ast-main-header-display":"","ast-hfb-above-header-display":"","ast-hfb-below-header-display":"","ast-hfb-mobile-header-display":"","site-post-title":"disabled","ast-breadcrumbs-content":"","ast-featured-img":"disabled","footer-sml-layout":"","theme-transparent-header-meta":"","adv-header-id-meta":"","stick-header-meta":"","header-above-stick-meta":"","header-main-stick-meta":"","header-below-stick-meta":"","astra-migrate-meta-layouts":"default","ast-page-background-enabled":"default","ast-page-background-meta":{"desktop":{"background-color":"var(--ast-global-color-4)","background-image":"","background-repeat":"repeat","background-position":"center center","background-size":"auto","background-attachment":"scroll","background-type":"","background-media":"","overlay-type":"","overlay-color":"","overlay-opacity":"","overlay-gradient":""},"tablet":{"background-color":"","background-image":"","background-repeat":"repeat","background-position":"center center","background-size":"auto","background-attachment":"scroll","background-type":"","background-media":"","overlay-type":"","overlay-color":"","overlay-opacity":"","overlay-gradient":""},"mobile":{"background-color":"","background-image":"","background-repeat":"repeat","background-position":"center center","background-size":"auto","background-attachment":"scroll","background-type":"","background-media":"","overlay-type":"","overlay-color":"","overlay-opacity":"","overlay-gradient":""}},"ast-content-background-meta":{"desktop":{"background-color":"var(--ast-global-color-5)","background-image":"","background-repeat":"repeat","background-position":"center center","background-size":"auto","background-attachment":"scroll","background-type":"","background-media":"","overlay-type":"","overlay-color":"","overlay-opacity":"","overlay-gradient":""},"tablet":{"background-color":"var(--ast-global-color-5)","background-image":"","background-repeat":"repeat","background-position":"center center","background-size":"auto","background-attachment":"scroll","background-type":"","background-media":"","overlay-type":"","overlay-color":"","overlay-opacity":"","overlay-gradient":""},"mobile":{"background-color":"var(--ast-global-color-5)","background-image":"","background-repeat":"repeat","background-position":"center center","background-size":"auto","background-attachment":"scroll","background-type":"","background-media":"","overlay-type":"","overlay-color":"","overlay-opacity":"","overlay-gradient":""}},"powered_cache_disable_cache":false,"powered_cache_disable_lazyload":false,"footnotes":""},"class_list":["post-2332","page","type-page","status-publish","hentry"],"yoast_head":"<!-- This site is optimized with the Yoast SEO plugin v26.3 - https:\/\/yoast.com\/wordpress\/plugins\/seo\/ -->\n<title>Proyectos de innovaci\u00f3n - ANSI - An\u00e1lisis y soluciones de ingenier\u00eda (Pontevedra) - ANSI - An\u00e1lisis y soluciones de ingenier\u00eda<\/title>\n<meta name=\"robots\" content=\"index, follow, max-snippet:-1, max-image-preview:large, max-video-preview:-1\" \/>\n<link rel=\"canonical\" href=\"https:\/\/ansisl.com\/en\/proyectos-de-innovacion\/\" \/>\n<meta property=\"og:locale\" content=\"en_GB\" \/>\n<meta property=\"og:type\" content=\"article\" \/>\n<meta property=\"og:title\" content=\"Proyectos de innovaci\u00f3n - ANSI - An\u00e1lisis y soluciones de ingenier\u00eda (Pontevedra) - ANSI - An\u00e1lisis y soluciones de ingenier\u00eda\" \/>\n<meta property=\"og:description\" content=\"Proyectos de innovaci\u00f3n Participamos en numerosos proyectos de I-D-i de colaboraci\u00f3n Universidad-Empresa, fruto de los cuales hemos obtenido varios modelos [&hellip;]\" \/>\n<meta property=\"og:url\" content=\"https:\/\/ansisl.com\/en\/proyectos-de-innovacion\/\" \/>\n<meta property=\"og:site_name\" content=\"ANSI - An\u00e1lisis y soluciones de ingenier\u00eda\" \/>\n<meta property=\"article:modified_time\" content=\"2025-10-15T08:02:08+00:00\" \/>\n<meta property=\"og:image\" content=\"https:\/\/ansisl.com\/wp-content\/uploads\/2024\/09\/Impresion-3D-de-ultima-generacion.jpg\" \/>\n<meta name=\"twitter:card\" content=\"summary_large_image\" \/>\n<meta name=\"twitter:label1\" content=\"Estimated reading time\" \/>\n\t<meta name=\"twitter:data1\" content=\"1 minute\" \/>\n<script type=\"application\/ld+json\" class=\"yoast-schema-graph\">{\"@context\":\"https:\/\/schema.org\",\"@graph\":[{\"@type\":\"WebPage\",\"@id\":\"https:\/\/ansisl.com\/proyectos-de-innovacion\/\",\"url\":\"https:\/\/ansisl.com\/proyectos-de-innovacion\/\",\"name\":\"Proyectos de innovaci\u00f3n - ANSI - An\u00e1lisis y soluciones de ingenier\u00eda (Pontevedra) - ANSI - An\u00e1lisis y soluciones de ingenier\u00eda\",\"isPartOf\":{\"@id\":\"https:\/\/ansisl.com\/#website\"},\"primaryImageOfPage\":{\"@id\":\"https:\/\/ansisl.com\/proyectos-de-innovacion\/#primaryimage\"},\"image\":{\"@id\":\"https:\/\/ansisl.com\/proyectos-de-innovacion\/#primaryimage\"},\"thumbnailUrl\":\"https:\/\/ansisl.com\/wp-content\/uploads\/2024\/09\/Impresion-3D-de-ultima-generacion.jpg\",\"datePublished\":\"2024-10-08T08:17:42+00:00\",\"dateModified\":\"2025-10-15T08:02:08+00:00\",\"breadcrumb\":{\"@id\":\"https:\/\/ansisl.com\/proyectos-de-innovacion\/#breadcrumb\"},\"inLanguage\":\"en-GB\",\"potentialAction\":[{\"@type\":\"ReadAction\",\"target\":[\"https:\/\/ansisl.com\/proyectos-de-innovacion\/\"]}]},{\"@type\":\"ImageObject\",\"inLanguage\":\"en-GB\",\"@id\":\"https:\/\/ansisl.com\/proyectos-de-innovacion\/#primaryimage\",\"url\":\"https:\/\/ansisl.com\/wp-content\/uploads\/2024\/09\/Impresion-3D-de-ultima-generacion.jpg\",\"contentUrl\":\"https:\/\/ansisl.com\/wp-content\/uploads\/2024\/09\/Impresion-3D-de-ultima-generacion.jpg\"},{\"@type\":\"BreadcrumbList\",\"@id\":\"https:\/\/ansisl.com\/proyectos-de-innovacion\/#breadcrumb\",\"itemListElement\":[{\"@type\":\"ListItem\",\"position\":1,\"name\":\"Portada\",\"item\":\"https:\/\/ansisl.com\/\"},{\"@type\":\"ListItem\",\"position\":2,\"name\":\"Proyectos de innovaci\u00f3n &#8211; ANSI &#8211; An\u00e1lisis y soluciones de ingenier\u00eda (Pontevedra)\"}]},{\"@type\":\"WebSite\",\"@id\":\"https:\/\/ansisl.com\/#website\",\"url\":\"https:\/\/ansisl.com\/\",\"name\":\"ANSI - An\u00e1lisis y soluciones de ingenier\u00eda\",\"description\":\"\",\"publisher\":{\"@id\":\"https:\/\/ansisl.com\/#organization\"},\"potentialAction\":[{\"@type\":\"SearchAction\",\"target\":{\"@type\":\"EntryPoint\",\"urlTemplate\":\"https:\/\/ansisl.com\/?s={search_term_string}\"},\"query-input\":{\"@type\":\"PropertyValueSpecification\",\"valueRequired\":true,\"valueName\":\"search_term_string\"}}],\"inLanguage\":\"en-GB\"},{\"@type\":\"Organization\",\"@id\":\"https:\/\/ansisl.com\/#organization\",\"name\":\"ANSI - An\u00e1lisis y soluciones de ingenier\u00eda\",\"url\":\"https:\/\/ansisl.com\/\",\"logo\":{\"@type\":\"ImageObject\",\"inLanguage\":\"en-GB\",\"@id\":\"https:\/\/ansisl.com\/#\/schema\/logo\/image\/\",\"url\":\"http:\/\/localhost\/miweb\/wp-content\/uploads\/2024\/09\/Azul-con-tagline-1.png\",\"contentUrl\":\"http:\/\/localhost\/miweb\/wp-content\/uploads\/2024\/09\/Azul-con-tagline-1.png\",\"width\":6337,\"height\":2505,\"caption\":\"ANSI - An\u00e1lisis y soluciones de ingenier\u00eda\"},\"image\":{\"@id\":\"https:\/\/ansisl.com\/#\/schema\/logo\/image\/\"},\"sameAs\":[\"https:\/\/www.linkedin.com\/company\/analisis-y-soluciones-de-ingenieria-s-l\/\",\"https:\/\/www.youtube.com\/channel\/UCEXjLkQzgODcMsnCfluQSeQ\"]}]}<\/script>\n<!-- \/ Yoast SEO plugin. -->","yoast_head_json":{"title":"Proyectos de innovaci\u00f3n - ANSI - An\u00e1lisis y soluciones de ingenier\u00eda (Pontevedra) - ANSI - An\u00e1lisis y soluciones de ingenier\u00eda","robots":{"index":"index","follow":"follow","max-snippet":"max-snippet:-1","max-image-preview":"max-image-preview:large","max-video-preview":"max-video-preview:-1"},"canonical":"https:\/\/ansisl.com\/en\/proyectos-de-innovacion\/","og_locale":"en_GB","og_type":"article","og_title":"Proyectos de innovaci\u00f3n - ANSI - An\u00e1lisis y soluciones de ingenier\u00eda (Pontevedra) - ANSI - An\u00e1lisis y soluciones de ingenier\u00eda","og_description":"Proyectos de innovaci\u00f3n Participamos en numerosos proyectos de I-D-i de colaboraci\u00f3n Universidad-Empresa, fruto de los cuales hemos obtenido varios modelos [&hellip;]","og_url":"https:\/\/ansisl.com\/en\/proyectos-de-innovacion\/","og_site_name":"ANSI - An\u00e1lisis y soluciones de ingenier\u00eda","article_modified_time":"2025-10-15T08:02:08+00:00","og_image":[{"url":"https:\/\/ansisl.com\/wp-content\/uploads\/2024\/09\/Impresion-3D-de-ultima-generacion.jpg","type":"","width":"","height":""}],"twitter_card":"summary_large_image","twitter_misc":{"Estimated reading time":"1 minute"},"schema":{"@context":"https:\/\/schema.org","@graph":[{"@type":"WebPage","@id":"https:\/\/ansisl.com\/proyectos-de-innovacion\/","url":"https:\/\/ansisl.com\/proyectos-de-innovacion\/","name":"Proyectos de innovaci\u00f3n - ANSI - An\u00e1lisis y soluciones de ingenier\u00eda (Pontevedra) - ANSI - An\u00e1lisis y soluciones de ingenier\u00eda","isPartOf":{"@id":"https:\/\/ansisl.com\/#website"},"primaryImageOfPage":{"@id":"https:\/\/ansisl.com\/proyectos-de-innovacion\/#primaryimage"},"image":{"@id":"https:\/\/ansisl.com\/proyectos-de-innovacion\/#primaryimage"},"thumbnailUrl":"https:\/\/ansisl.com\/wp-content\/uploads\/2024\/09\/Impresion-3D-de-ultima-generacion.jpg","datePublished":"2024-10-08T08:17:42+00:00","dateModified":"2025-10-15T08:02:08+00:00","breadcrumb":{"@id":"https:\/\/ansisl.com\/proyectos-de-innovacion\/#breadcrumb"},"inLanguage":"en-GB","potentialAction":[{"@type":"ReadAction","target":["https:\/\/ansisl.com\/proyectos-de-innovacion\/"]}]},{"@type":"ImageObject","inLanguage":"en-GB","@id":"https:\/\/ansisl.com\/proyectos-de-innovacion\/#primaryimage","url":"https:\/\/ansisl.com\/wp-content\/uploads\/2024\/09\/Impresion-3D-de-ultima-generacion.jpg","contentUrl":"https:\/\/ansisl.com\/wp-content\/uploads\/2024\/09\/Impresion-3D-de-ultima-generacion.jpg"},{"@type":"BreadcrumbList","@id":"https:\/\/ansisl.com\/proyectos-de-innovacion\/#breadcrumb","itemListElement":[{"@type":"ListItem","position":1,"name":"Portada","item":"https:\/\/ansisl.com\/"},{"@type":"ListItem","position":2,"name":"Proyectos de innovaci\u00f3n &#8211; ANSI &#8211; An\u00e1lisis y soluciones de ingenier\u00eda (Pontevedra)"}]},{"@type":"WebSite","@id":"https:\/\/ansisl.com\/#website","url":"https:\/\/ansisl.com\/","name":"ANSI - An\u00e1lisis y soluciones de ingenier\u00eda","description":"","publisher":{"@id":"https:\/\/ansisl.com\/#organization"},"potentialAction":[{"@type":"SearchAction","target":{"@type":"EntryPoint","urlTemplate":"https:\/\/ansisl.com\/?s={search_term_string}"},"query-input":{"@type":"PropertyValueSpecification","valueRequired":true,"valueName":"search_term_string"}}],"inLanguage":"en-GB"},{"@type":"Organization","@id":"https:\/\/ansisl.com\/#organization","name":"ANSI - An\u00e1lisis y soluciones de ingenier\u00eda","url":"https:\/\/ansisl.com\/","logo":{"@type":"ImageObject","inLanguage":"en-GB","@id":"https:\/\/ansisl.com\/#\/schema\/logo\/image\/","url":"http:\/\/localhost\/miweb\/wp-content\/uploads\/2024\/09\/Azul-con-tagline-1.png","contentUrl":"http:\/\/localhost\/miweb\/wp-content\/uploads\/2024\/09\/Azul-con-tagline-1.png","width":6337,"height":2505,"caption":"ANSI - An\u00e1lisis y soluciones de ingenier\u00eda"},"image":{"@id":"https:\/\/ansisl.com\/#\/schema\/logo\/image\/"},"sameAs":["https:\/\/www.linkedin.com\/company\/analisis-y-soluciones-de-ingenieria-s-l\/","https:\/\/www.youtube.com\/channel\/UCEXjLkQzgODcMsnCfluQSeQ"]}]}},"_links":{"self":[{"href":"https:\/\/ansisl.com\/en\/wp-json\/wp\/v2\/pages\/2332","targetHints":{"allow":["GET"]}}],"collection":[{"href":"https:\/\/ansisl.com\/en\/wp-json\/wp\/v2\/pages"}],"about":[{"href":"https:\/\/ansisl.com\/en\/wp-json\/wp\/v2\/types\/page"}],"author":[{"embeddable":true,"href":"https:\/\/ansisl.com\/en\/wp-json\/wp\/v2\/users\/1"}],"replies":[{"embeddable":true,"href":"https:\/\/ansisl.com\/en\/wp-json\/wp\/v2\/comments?post=2332"}],"version-history":[{"count":5,"href":"https:\/\/ansisl.com\/en\/wp-json\/wp\/v2\/pages\/2332\/revisions"}],"predecessor-version":[{"id":5910,"href":"https:\/\/ansisl.com\/en\/wp-json\/wp\/v2\/pages\/2332\/revisions\/5910"}],"wp:attachment":[{"href":"https:\/\/ansisl.com\/en\/wp-json\/wp\/v2\/media?parent=2332"}],"curies":[{"name":"wp","href":"https:\/\/api.w.org\/{rel}","templated":true}]}}