{"id":2266,"date":"2024-10-08T09:03:51","date_gmt":"2024-10-08T07:03:51","guid":{"rendered":"http:\/\/localhost\/ansi\/?page_id=2266"},"modified":"2025-10-15T10:17:10","modified_gmt":"2025-10-15T08:17:10","slug":"management-y-planificacion","status":"publish","type":"page","link":"https:\/\/ansisl.com\/en\/management-y-planificacion\/","title":{"rendered":"Management y planificaci\u00f3n &#8211; ANSI &#8211; An\u00e1lisis y soluciones de ingenier\u00eda (Pontevedra)"},"content":{"rendered":"<div data-elementor-type=\"wp-page\" data-elementor-id=\"2266\" class=\"elementor elementor-2266\">\n\t\t\t\t<div class=\"elementor-element elementor-element-d8eef20 e-con-full e-flex e-con e-parent\" data-id=\"d8eef20\" data-element_type=\"container\" data-settings=\"{&quot;background_background&quot;:&quot;classic&quot;}\">\n\t\t<div class=\"elementor-element elementor-element-6e734e9 e-flex e-con-boxed e-con e-child\" data-id=\"6e734e9\" data-element_type=\"container\">\n\t\t\t\t\t<div class=\"e-con-inner\">\n\t\t<div class=\"elementor-element elementor-element-db31e4d e-con-full e-flex e-con e-child\" data-id=\"db31e4d\" data-element_type=\"container\">\n\t\t\t\t<div class=\"elementor-element elementor-element-d5ed88c elementor-widget__width-initial elementor-widget elementor-widget-text-editor\" data-id=\"d5ed88c\" data-element_type=\"widget\" data-widget_type=\"text-editor.default\">\n\t\t\t\t\t\t\t\t\t<p style=\"text-align: left;\">Management &amp; Planning<\/p>\t\t\t\t\t\t\t\t<\/div>\n\t\t\t\t<\/div>\n\t\t<div class=\"elementor-element elementor-element-8e03310 e-flex e-con-boxed e-con e-child\" data-id=\"8e03310\" data-element_type=\"container\">\n\t\t\t\t\t<div class=\"e-con-inner\">\n\t\t\t\t<div class=\"elementor-element elementor-element-eb34156 elementor-widget elementor-widget-text-editor\" data-id=\"eb34156\" data-element_type=\"widget\" data-widget_type=\"text-editor.default\">\n\t\t\t\t\t\t\t\t\t<p>We bring extensive experience in maintenance shutdown planning. We offer a consulting service that includes:<\/p>\t\t\t\t\t\t\t\t<\/div>\n\t\t<div class=\"elementor-element elementor-element-431e8ac e-grid e-con-full e-con e-child\" data-id=\"431e8ac\" data-element_type=\"container\">\n\t\t\t\t<div class=\"elementor-element elementor-element-809febf elementor-widget elementor-widget-text-editor\" data-id=\"809febf\" data-element_type=\"widget\" data-widget_type=\"text-editor.default\">\n\t\t\t\t\t\t\t\t\t<p><strong><em>Development of Parada's General Planning together with the property.<\/em><\/strong><\/p>\t\t\t\t\t\t\t\t<\/div>\n\t\t\t\t<div class=\"elementor-element elementor-element-651b1a4 elementor-widget elementor-widget-text-editor\" data-id=\"651b1a4\" data-element_type=\"widget\" data-widget_type=\"text-editor.default\">\n\t\t\t\t\t\t\t\t\t<p><em><strong>Integration of detailed supplier schedules.<\/strong><\/em><\/p>\t\t\t\t\t\t\t\t<\/div>\n\t\t\t\t<div class=\"elementor-element elementor-element-93e2681 elementor-widget elementor-widget-text-editor\" data-id=\"93e2681\" data-element_type=\"widget\" data-widget_type=\"text-editor.default\">\n\t\t\t\t\t\t\t\t\t<p><em><strong>Project progress control<\/strong><\/em><\/p>\t\t\t\t\t\t\t\t<\/div>\n\t\t\t\t<div class=\"elementor-element elementor-element-849f48d elementor-widget elementor-widget-text-editor\" data-id=\"849f48d\" data-element_type=\"widget\" data-widget_type=\"text-editor.default\">\n\t\t\t\t\t\t\t\t\t<p><em><strong>Elaboration of the follow-up S-curves.<\/strong><\/em><\/p>\t\t\t\t\t\t\t\t<\/div>\n\t\t\t\t<div class=\"elementor-element elementor-element-c3f8e64 elementor-widget elementor-widget-text-editor\" data-id=\"c3f8e64\" data-element_type=\"widget\" data-widget_type=\"text-editor.default\">\n\t\t\t\t\t\t\t\t\t<p><em><strong>Management of changes in the execution and reprogramming of sequences.<\/strong><\/em><\/p>\t\t\t\t\t\t\t\t<\/div>\n\t\t\t\t<div class=\"elementor-element elementor-element-d54a16e elementor-widget elementor-widget-text-editor\" data-id=\"d54a16e\" data-element_type=\"widget\" data-widget_type=\"text-editor.default\">\n\t\t\t\t\t\t\t\t\t<p><em><strong>Reports for the property.<\/strong><\/em><\/p>\t\t\t\t\t\t\t\t<\/div>\n\t\t\t\t<\/div>\n\t\t\t\t\t<\/div>\n\t\t\t\t<\/div>\n\t\t\t\t<div class=\"elementor-element elementor-element-745f9a7 elementor-widget elementor-widget-text-editor\" data-id=\"745f9a7\" data-element_type=\"widget\" data-widget_type=\"text-editor.default\">\n\t\t\t\t\t\t\t\t\t<p>If your company has to solve some projects and needs additional resources, we provide you with the necessary staff by integrating them in your company's work team.<\/p>\t\t\t\t\t\t\t\t<\/div>\n\t\t\t\t\t<\/div>\n\t\t\t\t<\/div>\n\t\t\t\t<\/div>\n\t\t<div class=\"elementor-element elementor-element-996a1ab e-con-full e-flex e-con e-parent\" data-id=\"996a1ab\" data-element_type=\"container\">\n\t\t\t\t<div class=\"elementor-element elementor-element-978f5ce elementor-widget__width-initial animated-slow elementor-invisible elementor-widget elementor-widget-heading\" data-id=\"978f5ce\" data-element_type=\"widget\" data-settings=\"{&quot;_animation&quot;:&quot;fadeInLeft&quot;,&quot;_animation_delay&quot;:1000}\" data-widget_type=\"heading.default\">\n\t\t\t\t\t<h2 class=\"elementor-heading-title elementor-size-default\">Outsourcing\u200b\u200b<\/h2>\t\t\t\t<\/div>\n\t\t<div class=\"elementor-element elementor-element-128abc3 e-con-full e-flex e-con e-child\" data-id=\"128abc3\" data-element_type=\"container\">\n\t\t\t\t<div class=\"elementor-element elementor-element-b4ba806 elementor-widget__width-initial elementor-widget-mobile__width-initial elementor-invisible elementor-widget elementor-widget-image\" data-id=\"b4ba806\" data-element_type=\"widget\" data-settings=\"{&quot;_animation&quot;:&quot;fadeInLeft&quot;,&quot;_animation_delay&quot;:1000}\" data-widget_type=\"image.default\">\n\t\t\t\t\t\t\t\t\t\t\t\t\t\t\t<img fetchpriority=\"high\" decoding=\"async\" width=\"1153\" height=\"648\" src=\"https:\/\/ansisl.com\/wp-content\/uploads\/2024\/09\/Outsourcing.png\" class=\"attachment-2048x2048 size-2048x2048 wp-image-766\" alt=\"\" \/>\t\t\t\t\t\t\t\t\t\t\t\t\t\t\t<\/div>\n\t\t<div class=\"elementor-element elementor-element-477e3bc e-con-full e-flex e-con e-child\" data-id=\"477e3bc\" data-element_type=\"container\">\n\t\t\t\t<div class=\"elementor-element elementor-element-6533272 animated-slow elementor-invisible elementor-widget elementor-widget-text-editor\" data-id=\"6533272\" data-element_type=\"widget\" data-settings=\"{&quot;_animation&quot;:&quot;fadeInRight&quot;,&quot;_animation_delay&quot;:1000}\" data-widget_type=\"text-editor.default\">\n\t\t\t\t\t\t\t\t\t<p>If your company needs additional resources, we provide a comprehensive service from the integration into your company's work team to the implementation of the solution, we have an expert team specialized in integrating complementary disciplines of operation, processes, engineering and manufacturing.<br \/>We offer an external R&amp;D&amp;I service adapted to all areas related to the environment, aesthetic improvement plans, continuous improvement, etc.<\/p>\t\t\t\t\t\t\t\t<\/div>\n\t\t\t\t<\/div>\n\t\t\t\t<\/div>\n\t\t\t\t<\/div>\n\t\t<div class=\"elementor-element elementor-element-1f9f502 e-flex e-con-boxed e-con e-parent\" data-id=\"1f9f502\" data-element_type=\"container\" data-settings=\"{&quot;background_background&quot;:&quot;gradient&quot;}\">\n\t\t\t\t\t<div class=\"e-con-inner\">\n\t\t\t\t<div class=\"elementor-element elementor-element-3cd593c animated-slow elementor-invisible elementor-widget elementor-widget-heading\" data-id=\"3cd593c\" data-element_type=\"widget\" data-settings=\"{&quot;_animation&quot;:&quot;fadeInLeft&quot;,&quot;_animation_delay&quot;:1000}\" data-widget_type=\"heading.default\">\n\t\t\t\t\t<h2 class=\"elementor-heading-title elementor-size-default\">Planning and control<\/h2>\t\t\t\t<\/div>\n\t\t<div class=\"elementor-element elementor-element-6d05aa9 e-con-full e-flex e-con e-child\" data-id=\"6d05aa9\" data-element_type=\"container\">\n\t\t\t\t<div class=\"elementor-element elementor-element-046562a elementor-widget__width-initial elementor-widget-mobile__width-initial elementor-invisible elementor-widget elementor-widget-image\" data-id=\"046562a\" data-element_type=\"widget\" data-settings=\"{&quot;_animation&quot;:&quot;fadeInRight&quot;,&quot;_animation_delay&quot;:1000}\" data-widget_type=\"image.default\">\n\t\t\t\t\t\t\t\t\t\t\t\t\t\t\t<img decoding=\"async\" width=\"1654\" height=\"1170\" src=\"https:\/\/ansisl.com\/wp-content\/uploads\/2024\/09\/Planificacion-y-control.jpg\" class=\"attachment-2048x2048 size-2048x2048 wp-image-288\" alt=\"\" \/>\t\t\t\t\t\t\t\t\t\t\t\t\t\t\t<\/div>\n\t\t<div class=\"elementor-element elementor-element-38207aa e-con-full e-flex e-con e-child\" data-id=\"38207aa\" data-element_type=\"container\">\n\t\t\t\t<div class=\"elementor-element elementor-element-b80cb50 animated-slow elementor-invisible elementor-widget elementor-widget-text-editor\" data-id=\"b80cb50\" data-element_type=\"widget\" data-settings=\"{&quot;_animation&quot;:&quot;fadeInLeft&quot;,&quot;_animation_delay&quot;:1000}\" data-widget_type=\"text-editor.default\">\n\t\t\t\t\t\t\t\t\t<p>At ANSI we have experts to organise all the necessary processes to carry out each of your projects, our technical advice includes among other things:\u2028<\/p><ul><li><strong>Regular monitoring:<\/strong>\u00a0We will keep you informed of the progress of our study through regular or on-demand follow-up meetings. At these meetings we look forward to receiving your feedback at all times.\u2028<\/li><\/ul><ul><li><strong>On-site solutions:<\/strong>\u00a0In order to offer very realistic solutions, we will visit the installation as many times as necessary to adapt and validate them before they are included in the final report.<\/li><\/ul><ul><li><strong>Presentation of the final report:<\/strong>\u00a0Once the report has been drawn up with the most appropriate solutions, we will arrange a meeting at your premises for the presentation of the final report.<\/li><\/ul>\t\t\t\t\t\t\t\t<\/div>\n\t\t\t\t<\/div>\n\t\t\t\t<\/div>\n\t\t\t\t\t<\/div>\n\t\t\t\t<\/div>\n\t\t<div class=\"elementor-element elementor-element-e149632 e-con-full e-flex e-con e-parent\" data-id=\"e149632\" data-element_type=\"container\">\n\t\t\t\t<div class=\"elementor-element elementor-element-90fcaa7 elementor-widget__width-initial animated-slow elementor-invisible elementor-widget elementor-widget-heading\" data-id=\"90fcaa7\" data-element_type=\"widget\" data-settings=\"{&quot;_animation&quot;:&quot;fadeInLeft&quot;,&quot;_animation_delay&quot;:1000}\" data-widget_type=\"heading.default\">\n\t\t\t\t\t<h2 class=\"elementor-heading-title elementor-size-default\">General stop planner service<\/h2>\t\t\t\t<\/div>\n\t\t<div class=\"elementor-element elementor-element-098ad6f e-con-full e-flex e-con e-child\" data-id=\"098ad6f\" data-element_type=\"container\">\n\t\t\t\t<div class=\"elementor-element elementor-element-add5ea6 elementor-widget__width-initial elementor-widget-mobile__width-initial elementor-invisible elementor-widget elementor-widget-image\" data-id=\"add5ea6\" data-element_type=\"widget\" data-settings=\"{&quot;_animation&quot;:&quot;fadeInLeft&quot;,&quot;_animation_delay&quot;:1000}\" data-widget_type=\"image.default\">\n\t\t\t\t\t\t\t\t\t\t\t\t\t\t\t<img decoding=\"async\" width=\"2048\" height=\"1455\" src=\"https:\/\/ansisl.com\/wp-content\/uploads\/2024\/09\/Servicio-de-planificador-en-paradas-generales.jpg\" class=\"attachment-2048x2048 size-2048x2048 wp-image-767\" alt=\"\" \/>\t\t\t\t\t\t\t\t\t\t\t\t\t\t\t<\/div>\n\t\t<div class=\"elementor-element elementor-element-76e589a e-con-full e-flex e-con e-child\" data-id=\"76e589a\" data-element_type=\"container\">\n\t\t\t\t<div class=\"elementor-element elementor-element-e5f7107 animated-slow elementor-invisible elementor-widget elementor-widget-text-editor\" data-id=\"e5f7107\" data-element_type=\"widget\" data-settings=\"{&quot;_animation&quot;:&quot;fadeInRight&quot;,&quot;_animation_delay&quot;:1000}\" data-widget_type=\"text-editor.default\">\n\t\t\t\t\t\t\t\t\t<p>We develop the detailed planning activities necessary to build the Maintenance Shutdown Planning-General, starting from the MACRO shutdown planning and integrating the detailed supply, manufacturing, construction and commissioning planning.<\/p>\t\t\t\t\t\t\t\t<\/div>\n\t\t\t\t<\/div>\n\t\t\t\t<\/div>\n\t\t\t\t<\/div>\n\t\t<div class=\"elementor-element elementor-element-06e5ac1 e-flex e-con-boxed e-con e-parent\" data-id=\"06e5ac1\" data-element_type=\"container\">\n\t\t\t\t\t<div class=\"e-con-inner\">\n\t\t\t\t<div class=\"elementor-element elementor-element-2fb6d03 elementor-widget elementor-widget-spacer\" data-id=\"2fb6d03\" data-element_type=\"widget\" data-widget_type=\"spacer.default\">\n\t\t\t\t\t\t\t<div class=\"elementor-spacer\">\n\t\t\t<div class=\"elementor-spacer-inner\"><\/div>\n\t\t<\/div>\n\t\t\t\t\t\t<\/div>\n\t\t\t\t\t<\/div>\n\t\t\t\t<\/div>\n\t\t\t\t<\/div>","protected":false},"excerpt":{"rendered":"<p>Management y planificaci\u00f3n Aportamos gran experiencia en planificaci\u00f3n de paradas de mantenimiento. Ofrecemos un servicio de consultor\u00eda que incluye: Desarrollo [&hellip;]<\/p>","protected":false},"author":1,"featured_media":0,"parent":0,"menu_order":0,"comment_status":"closed","ping_status":"closed","template":"","meta":{"site-sidebar-layout":"no-sidebar","site-content-layout":"","ast-site-content-layout":"full-width-container","site-content-style":"default","site-sidebar-style":"default","ast-global-header-display":"","ast-banner-title-visibility":"","ast-main-header-display":"","ast-hfb-above-header-display":"","ast-hfb-below-header-display":"","ast-hfb-mobile-header-display":"","site-post-title":"disabled","ast-breadcrumbs-content":"","ast-featured-img":"disabled","footer-sml-layout":"","theme-transparent-header-meta":"","adv-header-id-meta":"","stick-header-meta":"","header-above-stick-meta":"","header-main-stick-meta":"","header-below-stick-meta":"","astra-migrate-meta-layouts":"default","ast-page-background-enabled":"default","ast-page-background-meta":{"desktop":{"background-color":"var(--ast-global-color-4)","background-image":"","background-repeat":"repeat","background-position":"center center","background-size":"auto","background-attachment":"scroll","background-type":"","background-media":"","overlay-type":"","overlay-color":"","overlay-opacity":"","overlay-gradient":""},"tablet":{"background-color":"","background-image":"","background-repeat":"repeat","background-position":"center center","background-size":"auto","background-attachment":"scroll","background-type":"","background-media":"","overlay-type":"","overlay-color":"","overlay-opacity":"","overlay-gradient":""},"mobile":{"background-color":"","background-image":"","background-repeat":"repeat","background-position":"center center","background-size":"auto","background-attachment":"scroll","background-type":"","background-media":"","overlay-type":"","overlay-color":"","overlay-opacity":"","overlay-gradient":""}},"ast-content-background-meta":{"desktop":{"background-color":"var(--ast-global-color-5)","background-image":"","background-repeat":"repeat","background-position":"center center","background-size":"auto","background-attachment":"scroll","background-type":"","background-media":"","overlay-type":"","overlay-color":"","overlay-opacity":"","overlay-gradient":""},"tablet":{"background-color":"var(--ast-global-color-5)","background-image":"","background-repeat":"repeat","background-position":"center center","background-size":"auto","background-attachment":"scroll","background-type":"","background-media":"","overlay-type":"","overlay-color":"","overlay-opacity":"","overlay-gradient":""},"mobile":{"background-color":"var(--ast-global-color-5)","background-image":"","background-repeat":"repeat","background-position":"center center","background-size":"auto","background-attachment":"scroll","background-type":"","background-media":"","overlay-type":"","overlay-color":"","overlay-opacity":"","overlay-gradient":""}},"powered_cache_disable_cache":false,"powered_cache_disable_lazyload":false,"footnotes":""},"class_list":["post-2266","page","type-page","status-publish","hentry"],"yoast_head":"<!-- This site is optimized with the Yoast SEO plugin v26.3 - https:\/\/yoast.com\/wordpress\/plugins\/seo\/ -->\n<title>Management y planificaci\u00f3n - ANSI - An\u00e1lisis y soluciones de ingenier\u00eda (Pontevedra) - ANSI - An\u00e1lisis y soluciones de ingenier\u00eda<\/title>\n<meta name=\"robots\" content=\"index, follow, max-snippet:-1, max-image-preview:large, max-video-preview:-1\" \/>\n<link rel=\"canonical\" href=\"https:\/\/ansisl.com\/en\/management-y-planificacion\/\" \/>\n<meta property=\"og:locale\" content=\"en_GB\" \/>\n<meta property=\"og:type\" content=\"article\" \/>\n<meta property=\"og:title\" content=\"Management y planificaci\u00f3n - ANSI - An\u00e1lisis y soluciones de ingenier\u00eda (Pontevedra) - ANSI - An\u00e1lisis y soluciones de ingenier\u00eda\" \/>\n<meta property=\"og:description\" content=\"Management y planificaci\u00f3n Aportamos gran experiencia en planificaci\u00f3n de paradas de mantenimiento. Ofrecemos un servicio de consultor\u00eda que incluye: Desarrollo [&hellip;]\" \/>\n<meta property=\"og:url\" content=\"https:\/\/ansisl.com\/en\/management-y-planificacion\/\" \/>\n<meta property=\"og:site_name\" content=\"ANSI - An\u00e1lisis y soluciones de ingenier\u00eda\" \/>\n<meta property=\"article:modified_time\" content=\"2025-10-15T08:17:10+00:00\" \/>\n<meta property=\"og:image\" content=\"https:\/\/ansisl.com\/wp-content\/uploads\/2024\/09\/Outsourcing.png\" \/>\n<meta name=\"twitter:card\" content=\"summary_large_image\" \/>\n<meta name=\"twitter:label1\" content=\"Estimated reading time\" \/>\n\t<meta name=\"twitter:data1\" content=\"2 minutes\" \/>\n<script type=\"application\/ld+json\" class=\"yoast-schema-graph\">{\"@context\":\"https:\/\/schema.org\",\"@graph\":[{\"@type\":\"WebPage\",\"@id\":\"https:\/\/ansisl.com\/management-y-planificacion\/\",\"url\":\"https:\/\/ansisl.com\/management-y-planificacion\/\",\"name\":\"Management y planificaci\u00f3n - ANSI - An\u00e1lisis y soluciones de ingenier\u00eda (Pontevedra) - ANSI - An\u00e1lisis y soluciones de ingenier\u00eda\",\"isPartOf\":{\"@id\":\"https:\/\/ansisl.com\/#website\"},\"primaryImageOfPage\":{\"@id\":\"https:\/\/ansisl.com\/management-y-planificacion\/#primaryimage\"},\"image\":{\"@id\":\"https:\/\/ansisl.com\/management-y-planificacion\/#primaryimage\"},\"thumbnailUrl\":\"https:\/\/ansisl.com\/wp-content\/uploads\/2024\/09\/Outsourcing.png\",\"datePublished\":\"2024-10-08T07:03:51+00:00\",\"dateModified\":\"2025-10-15T08:17:10+00:00\",\"breadcrumb\":{\"@id\":\"https:\/\/ansisl.com\/management-y-planificacion\/#breadcrumb\"},\"inLanguage\":\"en-GB\",\"potentialAction\":[{\"@type\":\"ReadAction\",\"target\":[\"https:\/\/ansisl.com\/management-y-planificacion\/\"]}]},{\"@type\":\"ImageObject\",\"inLanguage\":\"en-GB\",\"@id\":\"https:\/\/ansisl.com\/management-y-planificacion\/#primaryimage\",\"url\":\"https:\/\/ansisl.com\/wp-content\/uploads\/2024\/09\/Outsourcing.png\",\"contentUrl\":\"https:\/\/ansisl.com\/wp-content\/uploads\/2024\/09\/Outsourcing.png\"},{\"@type\":\"BreadcrumbList\",\"@id\":\"https:\/\/ansisl.com\/management-y-planificacion\/#breadcrumb\",\"itemListElement\":[{\"@type\":\"ListItem\",\"position\":1,\"name\":\"Portada\",\"item\":\"https:\/\/ansisl.com\/\"},{\"@type\":\"ListItem\",\"position\":2,\"name\":\"Management y planificaci\u00f3n &#8211; ANSI &#8211; An\u00e1lisis y soluciones de ingenier\u00eda (Pontevedra)\"}]},{\"@type\":\"WebSite\",\"@id\":\"https:\/\/ansisl.com\/#website\",\"url\":\"https:\/\/ansisl.com\/\",\"name\":\"ANSI - An\u00e1lisis y soluciones de ingenier\u00eda\",\"description\":\"\",\"publisher\":{\"@id\":\"https:\/\/ansisl.com\/#organization\"},\"potentialAction\":[{\"@type\":\"SearchAction\",\"target\":{\"@type\":\"EntryPoint\",\"urlTemplate\":\"https:\/\/ansisl.com\/?s={search_term_string}\"},\"query-input\":{\"@type\":\"PropertyValueSpecification\",\"valueRequired\":true,\"valueName\":\"search_term_string\"}}],\"inLanguage\":\"en-GB\"},{\"@type\":\"Organization\",\"@id\":\"https:\/\/ansisl.com\/#organization\",\"name\":\"ANSI - An\u00e1lisis y soluciones de ingenier\u00eda\",\"url\":\"https:\/\/ansisl.com\/\",\"logo\":{\"@type\":\"ImageObject\",\"inLanguage\":\"en-GB\",\"@id\":\"https:\/\/ansisl.com\/#\/schema\/logo\/image\/\",\"url\":\"http:\/\/localhost\/miweb\/wp-content\/uploads\/2024\/09\/Azul-con-tagline-1.png\",\"contentUrl\":\"http:\/\/localhost\/miweb\/wp-content\/uploads\/2024\/09\/Azul-con-tagline-1.png\",\"width\":6337,\"height\":2505,\"caption\":\"ANSI - An\u00e1lisis y soluciones de ingenier\u00eda\"},\"image\":{\"@id\":\"https:\/\/ansisl.com\/#\/schema\/logo\/image\/\"},\"sameAs\":[\"https:\/\/www.linkedin.com\/company\/analisis-y-soluciones-de-ingenieria-s-l\/\",\"https:\/\/www.youtube.com\/channel\/UCEXjLkQzgODcMsnCfluQSeQ\"]}]}<\/script>\n<!-- \/ Yoast SEO plugin. -->","yoast_head_json":{"title":"Management y planificaci\u00f3n - ANSI - An\u00e1lisis y soluciones de ingenier\u00eda (Pontevedra) - ANSI - An\u00e1lisis y soluciones de ingenier\u00eda","robots":{"index":"index","follow":"follow","max-snippet":"max-snippet:-1","max-image-preview":"max-image-preview:large","max-video-preview":"max-video-preview:-1"},"canonical":"https:\/\/ansisl.com\/en\/management-y-planificacion\/","og_locale":"en_GB","og_type":"article","og_title":"Management y planificaci\u00f3n - ANSI - An\u00e1lisis y soluciones de ingenier\u00eda (Pontevedra) - ANSI - An\u00e1lisis y soluciones de ingenier\u00eda","og_description":"Management y planificaci\u00f3n Aportamos gran experiencia en planificaci\u00f3n de paradas de mantenimiento. Ofrecemos un servicio de consultor\u00eda que incluye: Desarrollo [&hellip;]","og_url":"https:\/\/ansisl.com\/en\/management-y-planificacion\/","og_site_name":"ANSI - An\u00e1lisis y soluciones de ingenier\u00eda","article_modified_time":"2025-10-15T08:17:10+00:00","og_image":[{"url":"https:\/\/ansisl.com\/wp-content\/uploads\/2024\/09\/Outsourcing.png","type":"","width":"","height":""}],"twitter_card":"summary_large_image","twitter_misc":{"Estimated reading time":"2 minutes"},"schema":{"@context":"https:\/\/schema.org","@graph":[{"@type":"WebPage","@id":"https:\/\/ansisl.com\/management-y-planificacion\/","url":"https:\/\/ansisl.com\/management-y-planificacion\/","name":"Management y planificaci\u00f3n - ANSI - An\u00e1lisis y soluciones de ingenier\u00eda (Pontevedra) - ANSI - An\u00e1lisis y soluciones de ingenier\u00eda","isPartOf":{"@id":"https:\/\/ansisl.com\/#website"},"primaryImageOfPage":{"@id":"https:\/\/ansisl.com\/management-y-planificacion\/#primaryimage"},"image":{"@id":"https:\/\/ansisl.com\/management-y-planificacion\/#primaryimage"},"thumbnailUrl":"https:\/\/ansisl.com\/wp-content\/uploads\/2024\/09\/Outsourcing.png","datePublished":"2024-10-08T07:03:51+00:00","dateModified":"2025-10-15T08:17:10+00:00","breadcrumb":{"@id":"https:\/\/ansisl.com\/management-y-planificacion\/#breadcrumb"},"inLanguage":"en-GB","potentialAction":[{"@type":"ReadAction","target":["https:\/\/ansisl.com\/management-y-planificacion\/"]}]},{"@type":"ImageObject","inLanguage":"en-GB","@id":"https:\/\/ansisl.com\/management-y-planificacion\/#primaryimage","url":"https:\/\/ansisl.com\/wp-content\/uploads\/2024\/09\/Outsourcing.png","contentUrl":"https:\/\/ansisl.com\/wp-content\/uploads\/2024\/09\/Outsourcing.png"},{"@type":"BreadcrumbList","@id":"https:\/\/ansisl.com\/management-y-planificacion\/#breadcrumb","itemListElement":[{"@type":"ListItem","position":1,"name":"Portada","item":"https:\/\/ansisl.com\/"},{"@type":"ListItem","position":2,"name":"Management y planificaci\u00f3n &#8211; ANSI &#8211; An\u00e1lisis y soluciones de ingenier\u00eda (Pontevedra)"}]},{"@type":"WebSite","@id":"https:\/\/ansisl.com\/#website","url":"https:\/\/ansisl.com\/","name":"ANSI - An\u00e1lisis y soluciones de ingenier\u00eda","description":"","publisher":{"@id":"https:\/\/ansisl.com\/#organization"},"potentialAction":[{"@type":"SearchAction","target":{"@type":"EntryPoint","urlTemplate":"https:\/\/ansisl.com\/?s={search_term_string}"},"query-input":{"@type":"PropertyValueSpecification","valueRequired":true,"valueName":"search_term_string"}}],"inLanguage":"en-GB"},{"@type":"Organization","@id":"https:\/\/ansisl.com\/#organization","name":"ANSI - An\u00e1lisis y soluciones de ingenier\u00eda","url":"https:\/\/ansisl.com\/","logo":{"@type":"ImageObject","inLanguage":"en-GB","@id":"https:\/\/ansisl.com\/#\/schema\/logo\/image\/","url":"http:\/\/localhost\/miweb\/wp-content\/uploads\/2024\/09\/Azul-con-tagline-1.png","contentUrl":"http:\/\/localhost\/miweb\/wp-content\/uploads\/2024\/09\/Azul-con-tagline-1.png","width":6337,"height":2505,"caption":"ANSI - An\u00e1lisis y soluciones de ingenier\u00eda"},"image":{"@id":"https:\/\/ansisl.com\/#\/schema\/logo\/image\/"},"sameAs":["https:\/\/www.linkedin.com\/company\/analisis-y-soluciones-de-ingenieria-s-l\/","https:\/\/www.youtube.com\/channel\/UCEXjLkQzgODcMsnCfluQSeQ"]}]}},"_links":{"self":[{"href":"https:\/\/ansisl.com\/en\/wp-json\/wp\/v2\/pages\/2266","targetHints":{"allow":["GET"]}}],"collection":[{"href":"https:\/\/ansisl.com\/en\/wp-json\/wp\/v2\/pages"}],"about":[{"href":"https:\/\/ansisl.com\/en\/wp-json\/wp\/v2\/types\/page"}],"author":[{"embeddable":true,"href":"https:\/\/ansisl.com\/en\/wp-json\/wp\/v2\/users\/1"}],"replies":[{"embeddable":true,"href":"https:\/\/ansisl.com\/en\/wp-json\/wp\/v2\/comments?post=2266"}],"version-history":[{"count":5,"href":"https:\/\/ansisl.com\/en\/wp-json\/wp\/v2\/pages\/2266\/revisions"}],"predecessor-version":[{"id":5938,"href":"https:\/\/ansisl.com\/en\/wp-json\/wp\/v2\/pages\/2266\/revisions\/5938"}],"wp:attachment":[{"href":"https:\/\/ansisl.com\/en\/wp-json\/wp\/v2\/media?parent=2266"}],"curies":[{"name":"wp","href":"https:\/\/api.w.org\/{rel}","templated":true}]}}