{"id":2255,"date":"2024-10-08T08:52:31","date_gmt":"2024-10-08T06:52:31","guid":{"rendered":"http:\/\/localhost\/ansi\/?page_id=2255"},"modified":"2025-10-15T10:15:14","modified_gmt":"2025-10-15T08:15:14","slug":"diseno-e-ingenieria-piping","status":"publish","type":"page","link":"https:\/\/ansisl.com\/en\/diseno-e-ingenieria-piping\/","title":{"rendered":"Dise\u00f1o e ingenier\u00eda piping &#8211; ANSI &#8211; An\u00e1lisis y soluciones de ingenier\u00eda (Pontevedra)"},"content":{"rendered":"<div data-elementor-type=\"wp-page\" data-elementor-id=\"2255\" class=\"elementor elementor-2255\">\n\t\t\t\t<div class=\"elementor-element elementor-element-c0707a5 e-con-full e-flex e-con e-parent\" data-id=\"c0707a5\" data-element_type=\"container\" data-settings=\"{&quot;background_background&quot;:&quot;classic&quot;}\">\n\t\t<div class=\"elementor-element elementor-element-efd0ca2 e-flex e-con-boxed e-con e-child\" data-id=\"efd0ca2\" data-element_type=\"container\">\n\t\t\t\t\t<div class=\"e-con-inner\">\n\t\t<div class=\"elementor-element elementor-element-c19d35d e-con-full e-flex e-con e-child\" data-id=\"c19d35d\" data-element_type=\"container\">\n\t\t\t\t<div class=\"elementor-element elementor-element-7c2140a elementor-widget__width-initial elementor-widget elementor-widget-text-editor\" data-id=\"7c2140a\" data-element_type=\"widget\" data-widget_type=\"text-editor.default\">\n\t\t\t\t\t\t\t\t\t<p style=\"text-align: left;\">Piping process and engineering<\/p>\t\t\t\t\t\t\t\t<\/div>\n\t\t\t\t<\/div>\n\t\t<div class=\"elementor-element elementor-element-5b5697c e-con-full e-flex e-con e-child\" data-id=\"5b5697c\" data-element_type=\"container\">\n\t\t\t\t<div class=\"elementor-element elementor-element-a5e1f30 elementor-widget elementor-widget-text-editor\" data-id=\"a5e1f30\" data-element_type=\"widget\" data-widget_type=\"text-editor.default\">\n\t\t\t\t\t\t\t\t\t<p>Basic and detailed engineering of process and piping for the\u00a0<strong>energy<\/strong>,\u00a0<strong>chemistry<\/strong>,\u00a0<strong>cellulose<\/strong>\u00a0y\u00a0<strong>Oil&amp;gas<\/strong>.<br \/>We perform instrumentation and piping diagrams (P&amp;ID), industrial equipment design and piping engineering in piping and duct design. We perform 3D layouts of piping systems, thermal stress calculations and design and calculation of structures and supports.<\/p>\t\t\t\t\t\t\t\t<\/div>\n\t\t\t\t<\/div>\n\t\t\t\t\t<\/div>\n\t\t\t\t<\/div>\n\t\t\t\t<\/div>\n\t\t<div class=\"elementor-element elementor-element-55e66ad e-con-full e-flex e-con e-parent\" data-id=\"55e66ad\" data-element_type=\"container\">\n\t\t\t\t<div class=\"elementor-element elementor-element-473a4a5 elementor-widget__width-initial animated-slow elementor-invisible elementor-widget elementor-widget-heading\" data-id=\"473a4a5\" data-element_type=\"widget\" data-settings=\"{&quot;_animation&quot;:&quot;fadeInLeft&quot;,&quot;_animation_delay&quot;:1000}\" data-widget_type=\"heading.default\">\n\t\t\t\t\t<h2 class=\"elementor-heading-title elementor-size-default\">P&amp;ID process diagrams<\/h2>\t\t\t\t<\/div>\n\t\t<div class=\"elementor-element elementor-element-26f3a46 e-con-full e-flex e-con e-child\" data-id=\"26f3a46\" data-element_type=\"container\">\n\t\t\t\t<div class=\"elementor-element elementor-element-e93e211 elementor-widget__width-initial elementor-widget-mobile__width-initial elementor-invisible elementor-widget elementor-widget-image\" data-id=\"e93e211\" data-element_type=\"widget\" data-settings=\"{&quot;_animation&quot;:&quot;fadeInLeft&quot;,&quot;_animation_delay&quot;:1000}\" data-widget_type=\"image.default\">\n\t\t\t\t\t\t\t\t\t\t\t\t\t\t\t<img fetchpriority=\"high\" decoding=\"async\" width=\"2048\" height=\"1018\" src=\"https:\/\/ansisl.com\/wp-content\/uploads\/2024\/09\/Diagramas-de-proceso-PID.png\" class=\"attachment-2048x2048 size-2048x2048 wp-image-111\" alt=\"\" \/>\t\t\t\t\t\t\t\t\t\t\t\t\t\t\t<\/div>\n\t\t<div class=\"elementor-element elementor-element-02d1bd9 e-con-full e-flex e-con e-child\" data-id=\"02d1bd9\" data-element_type=\"container\">\n\t\t\t\t<div class=\"elementor-element elementor-element-65ede11 animated-slow elementor-invisible elementor-widget elementor-widget-text-editor\" data-id=\"65ede11\" data-element_type=\"widget\" data-settings=\"{&quot;_animation&quot;:&quot;fadeInRight&quot;,&quot;_animation_delay&quot;:1000}\" data-widget_type=\"text-editor.default\">\n\t\t\t\t\t\t\t\t\t<p>Piping and Instrumentation Diagrams (P&amp;ID) are diagrams that show the process flow in the piping, as well as the installed equipment and instrumentation.<\/p><p>At ANSI we have specialists in this field who are able to produce these diagrams, with the help of which it is possible to understand each of the processes followed in an installation, its codes, its operating modes, alarm signals and instrumentation.<\/p><p>ANSI develops cantilever or bi-supported extractor bolts, static or traveling, according to the needs of the installation.<\/p>\t\t\t\t\t\t\t\t<\/div>\n\t\t\t\t<\/div>\n\t\t\t\t<\/div>\n\t\t\t\t<\/div>\n\t\t<div class=\"elementor-element elementor-element-c5efd03 e-flex e-con-boxed e-con e-parent\" data-id=\"c5efd03\" data-element_type=\"container\" data-settings=\"{&quot;background_background&quot;:&quot;gradient&quot;}\">\n\t\t\t\t\t<div class=\"e-con-inner\">\n\t\t\t\t<div class=\"elementor-element elementor-element-01816b3 animated-slow elementor-invisible elementor-widget elementor-widget-heading\" data-id=\"01816b3\" data-element_type=\"widget\" data-settings=\"{&quot;_animation&quot;:&quot;fadeInLeft&quot;,&quot;_animation_delay&quot;:1000}\" data-widget_type=\"heading.default\">\n\t\t\t\t\t<h2 class=\"elementor-heading-title elementor-size-default\">Piping and thermal stress calculation<\/h2>\t\t\t\t<\/div>\n\t\t<div class=\"elementor-element elementor-element-5df8573 e-con-full e-flex e-con e-child\" data-id=\"5df8573\" data-element_type=\"container\">\n\t\t\t\t<div class=\"elementor-element elementor-element-10862e9 elementor-widget__width-initial elementor-widget-mobile__width-initial elementor-invisible elementor-widget elementor-widget-image\" data-id=\"10862e9\" data-element_type=\"widget\" data-settings=\"{&quot;_animation&quot;:&quot;fadeInRight&quot;,&quot;_animation_delay&quot;:1000}\" data-widget_type=\"image.default\">\n\t\t\t\t\t\t\t\t\t\t\t\t\t\t\t<img decoding=\"async\" width=\"887\" height=\"581\" src=\"https:\/\/ansisl.com\/wp-content\/uploads\/2024\/09\/Piping-y-calculos-de-estres-termico.png\" class=\"attachment-2048x2048 size-2048x2048 wp-image-755\" alt=\"\" \/>\t\t\t\t\t\t\t\t\t\t\t\t\t\t\t<\/div>\n\t\t<div class=\"elementor-element elementor-element-4c3b6c0 e-con-full e-flex e-con e-child\" data-id=\"4c3b6c0\" data-element_type=\"container\">\n\t\t\t\t<div class=\"elementor-element elementor-element-fcdbfb4 animated-slow elementor-invisible elementor-widget elementor-widget-text-editor\" data-id=\"fcdbfb4\" data-element_type=\"widget\" data-settings=\"{&quot;_animation&quot;:&quot;fadeInLeft&quot;,&quot;_animation_delay&quot;:1000}\" data-widget_type=\"text-editor.default\">\n\t\t\t\t\t\t\t\t\t<p>Optimal fluid transport has a significant impact on the performance of equipment or a facility.<\/p><p>At ANSI, we study and design piping and duct systems, taking into account all the equipment involved in the process.<\/p><p>We carry out the piping routing of the new installations taking into account the requirements of each line and fluid, and we evaluate the behavior of the piping in its different state combinations (design, operation, test...) with a thermal stress calculation with design and analysis software such as BENTLEY AUTOPIPE.<\/p>\t\t\t\t\t\t\t\t<\/div>\n\t\t\t\t<\/div>\n\t\t\t\t<\/div>\n\t\t\t\t\t<\/div>\n\t\t\t\t<\/div>\n\t\t<div class=\"elementor-element elementor-element-60495ba e-flex e-con-boxed e-con e-parent\" data-id=\"60495ba\" data-element_type=\"container\">\n\t\t\t\t\t<div class=\"e-con-inner\">\n\t\t\t\t<div class=\"elementor-element elementor-element-4d8442c elementor-widget elementor-widget-spacer\" data-id=\"4d8442c\" data-element_type=\"widget\" data-widget_type=\"spacer.default\">\n\t\t\t\t\t\t\t<div class=\"elementor-spacer\">\n\t\t\t<div class=\"elementor-spacer-inner\"><\/div>\n\t\t<\/div>\n\t\t\t\t\t\t<\/div>\n\t\t\t\t\t<\/div>\n\t\t\t\t<\/div>\n\t\t\t\t<\/div>","protected":false},"excerpt":{"rendered":"<p>Proceso e ingenier\u00eda de piping Ingenier\u00eda b\u00e1sica y de detalle de proceso y piping para la industria de la\u00a0energ\u00eda,\u00a0qu\u00edmica,\u00a0celulosa\u00a0y\u00a0Oil&amp;gas.Realizamos diagramas [&hellip;]<\/p>","protected":false},"author":1,"featured_media":0,"parent":0,"menu_order":0,"comment_status":"closed","ping_status":"closed","template":"","meta":{"site-sidebar-layout":"no-sidebar","site-content-layout":"","ast-site-content-layout":"full-width-container","site-content-style":"default","site-sidebar-style":"default","ast-global-header-display":"","ast-banner-title-visibility":"","ast-main-header-display":"","ast-hfb-above-header-display":"","ast-hfb-below-header-display":"","ast-hfb-mobile-header-display":"","site-post-title":"disabled","ast-breadcrumbs-content":"","ast-featured-img":"disabled","footer-sml-layout":"","theme-transparent-header-meta":"","adv-header-id-meta":"","stick-header-meta":"","header-above-stick-meta":"","header-main-stick-meta":"","header-below-stick-meta":"","astra-migrate-meta-layouts":"default","ast-page-background-enabled":"default","ast-page-background-meta":{"desktop":{"background-color":"var(--ast-global-color-4)","background-image":"","background-repeat":"repeat","background-position":"center center","background-size":"auto","background-attachment":"scroll","background-type":"","background-media":"","overlay-type":"","overlay-color":"","overlay-opacity":"","overlay-gradient":""},"tablet":{"background-color":"","background-image":"","background-repeat":"repeat","background-position":"center center","background-size":"auto","background-attachment":"scroll","background-type":"","background-media":"","overlay-type":"","overlay-color":"","overlay-opacity":"","overlay-gradient":""},"mobile":{"background-color":"","background-image":"","background-repeat":"repeat","background-position":"center center","background-size":"auto","background-attachment":"scroll","background-type":"","background-media":"","overlay-type":"","overlay-color":"","overlay-opacity":"","overlay-gradient":""}},"ast-content-background-meta":{"desktop":{"background-color":"var(--ast-global-color-5)","background-image":"","background-repeat":"repeat","background-position":"center center","background-size":"auto","background-attachment":"scroll","background-type":"","background-media":"","overlay-type":"","overlay-color":"","overlay-opacity":"","overlay-gradient":""},"tablet":{"background-color":"var(--ast-global-color-5)","background-image":"","background-repeat":"repeat","background-position":"center center","background-size":"auto","background-attachment":"scroll","background-type":"","background-media":"","overlay-type":"","overlay-color":"","overlay-opacity":"","overlay-gradient":""},"mobile":{"background-color":"var(--ast-global-color-5)","background-image":"","background-repeat":"repeat","background-position":"center center","background-size":"auto","background-attachment":"scroll","background-type":"","background-media":"","overlay-type":"","overlay-color":"","overlay-opacity":"","overlay-gradient":""}},"powered_cache_disable_cache":false,"powered_cache_disable_lazyload":false,"footnotes":""},"class_list":["post-2255","page","type-page","status-publish","hentry"],"yoast_head":"<!-- This site is optimized with the Yoast SEO plugin v26.3 - https:\/\/yoast.com\/wordpress\/plugins\/seo\/ -->\n<title>Dise\u00f1o e ingenier\u00eda piping - ANSI - An\u00e1lisis y soluciones de ingenier\u00eda (Pontevedra) - ANSI - An\u00e1lisis y soluciones de ingenier\u00eda<\/title>\n<meta name=\"robots\" content=\"index, follow, max-snippet:-1, max-image-preview:large, max-video-preview:-1\" \/>\n<link rel=\"canonical\" href=\"https:\/\/ansisl.com\/en\/diseno-e-ingenieria-piping\/\" \/>\n<meta property=\"og:locale\" content=\"en_GB\" \/>\n<meta property=\"og:type\" content=\"article\" \/>\n<meta property=\"og:title\" content=\"Dise\u00f1o e ingenier\u00eda piping - ANSI - An\u00e1lisis y soluciones de ingenier\u00eda (Pontevedra) - ANSI - An\u00e1lisis y soluciones de ingenier\u00eda\" \/>\n<meta property=\"og:description\" content=\"Proceso e ingenier\u00eda de piping Ingenier\u00eda b\u00e1sica y de detalle de proceso y piping para la industria de la\u00a0energ\u00eda,\u00a0qu\u00edmica,\u00a0celulosa\u00a0y\u00a0Oil&amp;gas.Realizamos diagramas [&hellip;]\" \/>\n<meta property=\"og:url\" content=\"https:\/\/ansisl.com\/en\/diseno-e-ingenieria-piping\/\" \/>\n<meta property=\"og:site_name\" content=\"ANSI - An\u00e1lisis y soluciones de ingenier\u00eda\" \/>\n<meta property=\"article:modified_time\" content=\"2025-10-15T08:15:14+00:00\" \/>\n<meta property=\"og:image\" content=\"https:\/\/ansisl.com\/wp-content\/uploads\/2024\/09\/Diagramas-de-proceso-PID.png\" \/>\n<meta name=\"twitter:card\" content=\"summary_large_image\" \/>\n<meta name=\"twitter:label1\" content=\"Estimated reading time\" \/>\n\t<meta name=\"twitter:data1\" content=\"2 minutes\" \/>\n<script type=\"application\/ld+json\" class=\"yoast-schema-graph\">{\"@context\":\"https:\/\/schema.org\",\"@graph\":[{\"@type\":\"WebPage\",\"@id\":\"https:\/\/ansisl.com\/diseno-e-ingenieria-piping\/\",\"url\":\"https:\/\/ansisl.com\/diseno-e-ingenieria-piping\/\",\"name\":\"Dise\u00f1o e ingenier\u00eda piping - ANSI - An\u00e1lisis y soluciones de ingenier\u00eda (Pontevedra) - ANSI - An\u00e1lisis y soluciones de ingenier\u00eda\",\"isPartOf\":{\"@id\":\"https:\/\/ansisl.com\/#website\"},\"primaryImageOfPage\":{\"@id\":\"https:\/\/ansisl.com\/diseno-e-ingenieria-piping\/#primaryimage\"},\"image\":{\"@id\":\"https:\/\/ansisl.com\/diseno-e-ingenieria-piping\/#primaryimage\"},\"thumbnailUrl\":\"https:\/\/ansisl.com\/wp-content\/uploads\/2024\/09\/Diagramas-de-proceso-PID.png\",\"datePublished\":\"2024-10-08T06:52:31+00:00\",\"dateModified\":\"2025-10-15T08:15:14+00:00\",\"breadcrumb\":{\"@id\":\"https:\/\/ansisl.com\/diseno-e-ingenieria-piping\/#breadcrumb\"},\"inLanguage\":\"en-GB\",\"potentialAction\":[{\"@type\":\"ReadAction\",\"target\":[\"https:\/\/ansisl.com\/diseno-e-ingenieria-piping\/\"]}]},{\"@type\":\"ImageObject\",\"inLanguage\":\"en-GB\",\"@id\":\"https:\/\/ansisl.com\/diseno-e-ingenieria-piping\/#primaryimage\",\"url\":\"https:\/\/ansisl.com\/wp-content\/uploads\/2024\/09\/Diagramas-de-proceso-PID.png\",\"contentUrl\":\"https:\/\/ansisl.com\/wp-content\/uploads\/2024\/09\/Diagramas-de-proceso-PID.png\"},{\"@type\":\"BreadcrumbList\",\"@id\":\"https:\/\/ansisl.com\/diseno-e-ingenieria-piping\/#breadcrumb\",\"itemListElement\":[{\"@type\":\"ListItem\",\"position\":1,\"name\":\"Portada\",\"item\":\"https:\/\/ansisl.com\/\"},{\"@type\":\"ListItem\",\"position\":2,\"name\":\"Dise\u00f1o e ingenier\u00eda piping &#8211; ANSI &#8211; An\u00e1lisis y soluciones de ingenier\u00eda (Pontevedra)\"}]},{\"@type\":\"WebSite\",\"@id\":\"https:\/\/ansisl.com\/#website\",\"url\":\"https:\/\/ansisl.com\/\",\"name\":\"ANSI - An\u00e1lisis y soluciones de ingenier\u00eda\",\"description\":\"\",\"publisher\":{\"@id\":\"https:\/\/ansisl.com\/#organization\"},\"potentialAction\":[{\"@type\":\"SearchAction\",\"target\":{\"@type\":\"EntryPoint\",\"urlTemplate\":\"https:\/\/ansisl.com\/?s={search_term_string}\"},\"query-input\":{\"@type\":\"PropertyValueSpecification\",\"valueRequired\":true,\"valueName\":\"search_term_string\"}}],\"inLanguage\":\"en-GB\"},{\"@type\":\"Organization\",\"@id\":\"https:\/\/ansisl.com\/#organization\",\"name\":\"ANSI - An\u00e1lisis y soluciones de ingenier\u00eda\",\"url\":\"https:\/\/ansisl.com\/\",\"logo\":{\"@type\":\"ImageObject\",\"inLanguage\":\"en-GB\",\"@id\":\"https:\/\/ansisl.com\/#\/schema\/logo\/image\/\",\"url\":\"http:\/\/localhost\/miweb\/wp-content\/uploads\/2024\/09\/Azul-con-tagline-1.png\",\"contentUrl\":\"http:\/\/localhost\/miweb\/wp-content\/uploads\/2024\/09\/Azul-con-tagline-1.png\",\"width\":6337,\"height\":2505,\"caption\":\"ANSI - An\u00e1lisis y soluciones de ingenier\u00eda\"},\"image\":{\"@id\":\"https:\/\/ansisl.com\/#\/schema\/logo\/image\/\"},\"sameAs\":[\"https:\/\/www.linkedin.com\/company\/analisis-y-soluciones-de-ingenieria-s-l\/\",\"https:\/\/www.youtube.com\/channel\/UCEXjLkQzgODcMsnCfluQSeQ\"]}]}<\/script>\n<!-- \/ Yoast SEO plugin. -->","yoast_head_json":{"title":"Dise\u00f1o e ingenier\u00eda piping - ANSI - An\u00e1lisis y soluciones de ingenier\u00eda (Pontevedra) - ANSI - An\u00e1lisis y soluciones de ingenier\u00eda","robots":{"index":"index","follow":"follow","max-snippet":"max-snippet:-1","max-image-preview":"max-image-preview:large","max-video-preview":"max-video-preview:-1"},"canonical":"https:\/\/ansisl.com\/en\/diseno-e-ingenieria-piping\/","og_locale":"en_GB","og_type":"article","og_title":"Dise\u00f1o e ingenier\u00eda piping - ANSI - An\u00e1lisis y soluciones de ingenier\u00eda (Pontevedra) - ANSI - An\u00e1lisis y soluciones de ingenier\u00eda","og_description":"Proceso e ingenier\u00eda de piping Ingenier\u00eda b\u00e1sica y de detalle de proceso y piping para la industria de la\u00a0energ\u00eda,\u00a0qu\u00edmica,\u00a0celulosa\u00a0y\u00a0Oil&amp;gas.Realizamos diagramas [&hellip;]","og_url":"https:\/\/ansisl.com\/en\/diseno-e-ingenieria-piping\/","og_site_name":"ANSI - An\u00e1lisis y soluciones de ingenier\u00eda","article_modified_time":"2025-10-15T08:15:14+00:00","og_image":[{"url":"https:\/\/ansisl.com\/wp-content\/uploads\/2024\/09\/Diagramas-de-proceso-PID.png","type":"","width":"","height":""}],"twitter_card":"summary_large_image","twitter_misc":{"Estimated reading time":"2 minutes"},"schema":{"@context":"https:\/\/schema.org","@graph":[{"@type":"WebPage","@id":"https:\/\/ansisl.com\/diseno-e-ingenieria-piping\/","url":"https:\/\/ansisl.com\/diseno-e-ingenieria-piping\/","name":"Dise\u00f1o e ingenier\u00eda piping - ANSI - An\u00e1lisis y soluciones de ingenier\u00eda (Pontevedra) - ANSI - An\u00e1lisis y soluciones de ingenier\u00eda","isPartOf":{"@id":"https:\/\/ansisl.com\/#website"},"primaryImageOfPage":{"@id":"https:\/\/ansisl.com\/diseno-e-ingenieria-piping\/#primaryimage"},"image":{"@id":"https:\/\/ansisl.com\/diseno-e-ingenieria-piping\/#primaryimage"},"thumbnailUrl":"https:\/\/ansisl.com\/wp-content\/uploads\/2024\/09\/Diagramas-de-proceso-PID.png","datePublished":"2024-10-08T06:52:31+00:00","dateModified":"2025-10-15T08:15:14+00:00","breadcrumb":{"@id":"https:\/\/ansisl.com\/diseno-e-ingenieria-piping\/#breadcrumb"},"inLanguage":"en-GB","potentialAction":[{"@type":"ReadAction","target":["https:\/\/ansisl.com\/diseno-e-ingenieria-piping\/"]}]},{"@type":"ImageObject","inLanguage":"en-GB","@id":"https:\/\/ansisl.com\/diseno-e-ingenieria-piping\/#primaryimage","url":"https:\/\/ansisl.com\/wp-content\/uploads\/2024\/09\/Diagramas-de-proceso-PID.png","contentUrl":"https:\/\/ansisl.com\/wp-content\/uploads\/2024\/09\/Diagramas-de-proceso-PID.png"},{"@type":"BreadcrumbList","@id":"https:\/\/ansisl.com\/diseno-e-ingenieria-piping\/#breadcrumb","itemListElement":[{"@type":"ListItem","position":1,"name":"Portada","item":"https:\/\/ansisl.com\/"},{"@type":"ListItem","position":2,"name":"Dise\u00f1o e ingenier\u00eda piping &#8211; ANSI &#8211; An\u00e1lisis y soluciones de ingenier\u00eda (Pontevedra)"}]},{"@type":"WebSite","@id":"https:\/\/ansisl.com\/#website","url":"https:\/\/ansisl.com\/","name":"ANSI - An\u00e1lisis y soluciones de ingenier\u00eda","description":"","publisher":{"@id":"https:\/\/ansisl.com\/#organization"},"potentialAction":[{"@type":"SearchAction","target":{"@type":"EntryPoint","urlTemplate":"https:\/\/ansisl.com\/?s={search_term_string}"},"query-input":{"@type":"PropertyValueSpecification","valueRequired":true,"valueName":"search_term_string"}}],"inLanguage":"en-GB"},{"@type":"Organization","@id":"https:\/\/ansisl.com\/#organization","name":"ANSI - An\u00e1lisis y soluciones de ingenier\u00eda","url":"https:\/\/ansisl.com\/","logo":{"@type":"ImageObject","inLanguage":"en-GB","@id":"https:\/\/ansisl.com\/#\/schema\/logo\/image\/","url":"http:\/\/localhost\/miweb\/wp-content\/uploads\/2024\/09\/Azul-con-tagline-1.png","contentUrl":"http:\/\/localhost\/miweb\/wp-content\/uploads\/2024\/09\/Azul-con-tagline-1.png","width":6337,"height":2505,"caption":"ANSI - An\u00e1lisis y soluciones de ingenier\u00eda"},"image":{"@id":"https:\/\/ansisl.com\/#\/schema\/logo\/image\/"},"sameAs":["https:\/\/www.linkedin.com\/company\/analisis-y-soluciones-de-ingenieria-s-l\/","https:\/\/www.youtube.com\/channel\/UCEXjLkQzgODcMsnCfluQSeQ"]}]}},"_links":{"self":[{"href":"https:\/\/ansisl.com\/en\/wp-json\/wp\/v2\/pages\/2255","targetHints":{"allow":["GET"]}}],"collection":[{"href":"https:\/\/ansisl.com\/en\/wp-json\/wp\/v2\/pages"}],"about":[{"href":"https:\/\/ansisl.com\/en\/wp-json\/wp\/v2\/types\/page"}],"author":[{"embeddable":true,"href":"https:\/\/ansisl.com\/en\/wp-json\/wp\/v2\/users\/1"}],"replies":[{"embeddable":true,"href":"https:\/\/ansisl.com\/en\/wp-json\/wp\/v2\/comments?post=2255"}],"version-history":[{"count":5,"href":"https:\/\/ansisl.com\/en\/wp-json\/wp\/v2\/pages\/2255\/revisions"}],"predecessor-version":[{"id":5935,"href":"https:\/\/ansisl.com\/en\/wp-json\/wp\/v2\/pages\/2255\/revisions\/5935"}],"wp:attachment":[{"href":"https:\/\/ansisl.com\/en\/wp-json\/wp\/v2\/media?parent=2255"}],"curies":[{"name":"wp","href":"https:\/\/api.w.org\/{rel}","templated":true}]}}