{"id":2236,"date":"2024-10-08T08:48:51","date_gmt":"2024-10-08T06:48:51","guid":{"rendered":"http:\/\/localhost\/ansi\/?page_id=2236"},"modified":"2025-10-28T17:47:49","modified_gmt":"2025-10-28T16:47:49","slug":"gemelos-digitales-2","status":"publish","type":"page","link":"https:\/\/ansisl.com\/en\/gemelos-digitales-2\/","title":{"rendered":"Gemelos digitales &#8211; ANSI &#8211; An\u00e1lisis y soluciones de ingenier\u00eda (Pontevedra)"},"content":{"rendered":"<div data-elementor-type=\"wp-page\" data-elementor-id=\"2236\" class=\"elementor elementor-2236\">\n\t\t\t\t<div class=\"elementor-element elementor-element-fae7fd7 e-con-full e-flex e-con e-parent\" data-id=\"fae7fd7\" data-element_type=\"container\" data-settings=\"{&quot;background_background&quot;:&quot;classic&quot;}\">\n\t\t<div class=\"elementor-element elementor-element-208a52a e-flex e-con-boxed e-con e-child\" data-id=\"208a52a\" data-element_type=\"container\">\n\t\t\t\t\t<div class=\"e-con-inner\">\n\t\t<div class=\"elementor-element elementor-element-5dd10b0 e-con-full e-flex e-con e-child\" data-id=\"5dd10b0\" data-element_type=\"container\">\n\t\t\t\t<div class=\"elementor-element elementor-element-23aeb8b elementor-widget__width-initial elementor-widget elementor-widget-text-editor\" data-id=\"23aeb8b\" data-element_type=\"widget\" data-widget_type=\"text-editor.default\">\n\t\t\t\t\t\t\t\t\t<p style=\"text-align: left;\">Digital twins<\/p>\t\t\t\t\t\t\t\t<\/div>\n\t\t\t\t<\/div>\n\t\t<div class=\"elementor-element elementor-element-2169acb e-con-full e-flex e-con e-child\" data-id=\"2169acb\" data-element_type=\"container\">\n\t\t\t\t<div class=\"elementor-element elementor-element-b236c56 elementor-widget elementor-widget-text-editor\" data-id=\"b236c56\" data-element_type=\"widget\" data-widget_type=\"text-editor.default\">\n\t\t\t\t\t\t\t\t\t<p>3D scanning and modeling of industrial plants for the generation of documentation.<\/p><p>We have laser scanning and structured light equipment for the complete digitization of parts, equipment, or facilities.<\/p><p>Obtenemos nubes de puntos sobre las que modelamos en 3D nuevas instalaciones de equipos, piping o estructuras. El escaneado permite que generemos gemelos digitales de una instalaci\u00f3n o de un equipo para nuestros clientes,\u00a0pudiendo obtener documentaci\u00f3n para nuevas unidades, modelos 3D de gran detalle, as-built de sus instalaciones o implantaciones de nuevos equipos sobre instalaciones existentes.<\/p>\t\t\t\t\t\t\t\t<\/div>\n\t\t\t\t<div class=\"elementor-element elementor-element-cb016dc elementor-widget elementor-widget-spacer\" data-id=\"cb016dc\" data-element_type=\"widget\" data-widget_type=\"spacer.default\">\n\t\t\t\t\t\t\t<div class=\"elementor-spacer\">\n\t\t\t<div class=\"elementor-spacer-inner\"><\/div>\n\t\t<\/div>\n\t\t\t\t\t\t<\/div>\n\t\t\t\t<\/div>\n\t\t\t\t\t<\/div>\n\t\t\t\t<\/div>\n\t\t\t\t<\/div>\n\t\t<div class=\"elementor-element elementor-element-d187563 e-con-full e-flex e-con e-parent\" data-id=\"d187563\" data-element_type=\"container\">\n\t\t\t\t<div class=\"elementor-element elementor-element-0467f4d elementor-widget__width-initial animated-slow elementor-invisible elementor-widget elementor-widget-heading\" data-id=\"0467f4d\" data-element_type=\"widget\" data-settings=\"{&quot;_animation&quot;:&quot;fadeInLeft&quot;,&quot;_animation_delay&quot;:1000}\" data-widget_type=\"heading.default\">\n\t\t\t\t\t<h2 class=\"elementor-heading-title elementor-size-default\">Models with real measurements<\/h2>\t\t\t\t<\/div>\n\t\t<div class=\"elementor-element elementor-element-69bf5f7 e-con-full e-flex e-con e-child\" data-id=\"69bf5f7\" data-element_type=\"container\">\n\t\t\t\t<div class=\"elementor-element elementor-element-e6234f1 elementor-widget__width-initial elementor-widget-mobile__width-initial elementor-invisible elementor-widget elementor-widget-image\" data-id=\"e6234f1\" data-element_type=\"widget\" data-settings=\"{&quot;_animation&quot;:&quot;fadeInLeft&quot;,&quot;_animation_delay&quot;:1000}\" data-widget_type=\"image.default\">\n\t\t\t\t\t\t\t\t\t\t\t\t\t\t\t<img fetchpriority=\"high\" decoding=\"async\" width=\"2048\" height=\"1042\" src=\"https:\/\/ansisl.com\/wp-content\/uploads\/2024\/09\/Gemelos-digitales.png\" class=\"attachment-2048x2048 size-2048x2048 wp-image-275\" alt=\"\" \/>\t\t\t\t\t\t\t\t\t\t\t\t\t\t\t<\/div>\n\t\t<div class=\"elementor-element elementor-element-38599d6 e-con-full e-flex e-con e-child\" data-id=\"38599d6\" data-element_type=\"container\">\n\t\t\t\t<div class=\"elementor-element elementor-element-9479c49 animated-slow elementor-invisible elementor-widget elementor-widget-text-editor\" data-id=\"9479c49\" data-element_type=\"widget\" data-settings=\"{&quot;_animation&quot;:&quot;fadeInRight&quot;,&quot;_animation_delay&quot;:1000}\" data-widget_type=\"text-editor.default\">\n\t\t\t\t\t\t\t\t\t<p>Scanning industrial environments after project completion allows us to update existing documentation in both 2D and 3D.<\/p><p>The scanning of industrial environments after the execution of projects allows us to update the existing documentation, in 2D and 3D. The digitization of projects allows us to obtain a point cloud with all the geometric information of the plant at the time of completion of the work, generate or update the digital models of the installation and prepare the as-built documentation required by the client.<\/p><p>ANSI develops cantilever or bi-supported extractor bolts, static or traveling, according to the needs of the installation.<\/p>\t\t\t\t\t\t\t\t<\/div>\n\t\t\t\t<\/div>\n\t\t\t\t<\/div>\n\t\t\t\t<\/div>\n\t\t<div class=\"elementor-element elementor-element-cd0640f e-flex e-con-boxed e-con e-parent\" data-id=\"cd0640f\" data-element_type=\"container\" data-settings=\"{&quot;background_background&quot;:&quot;gradient&quot;}\">\n\t\t\t\t\t<div class=\"e-con-inner\">\n\t\t\t\t<div class=\"elementor-element elementor-element-dd37d66 animated-slow elementor-invisible elementor-widget elementor-widget-heading\" data-id=\"dd37d66\" data-element_type=\"widget\" data-settings=\"{&quot;_animation&quot;:&quot;fadeInLeft&quot;,&quot;_animation_delay&quot;:1000}\" data-widget_type=\"heading.default\">\n\t\t\t\t\t<h2 class=\"elementor-heading-title elementor-size-default\">Comparison and accuracy<\/h2>\t\t\t\t<\/div>\n\t\t<div class=\"elementor-element elementor-element-0f7d123 e-con-full e-flex e-con e-child\" data-id=\"0f7d123\" data-element_type=\"container\">\n\t\t\t\t<div class=\"elementor-element elementor-element-a7e5bee elementor-widget__width-initial elementor-widget-mobile__width-initial elementor-invisible elementor-widget elementor-widget-image\" data-id=\"a7e5bee\" data-element_type=\"widget\" data-settings=\"{&quot;_animation&quot;:&quot;fadeInRight&quot;,&quot;_animation_delay&quot;:1000}\" data-widget_type=\"image.default\">\n\t\t\t\t\t\t\t\t\t\t\t\t\t\t\t<img decoding=\"async\" width=\"2048\" height=\"853\" src=\"https:\/\/ansisl.com\/wp-content\/uploads\/2024\/09\/Comparativa-y-precision-13.png\" class=\"attachment-2048x2048 size-2048x2048 wp-image-749\" alt=\"\" \/>\t\t\t\t\t\t\t\t\t\t\t\t\t\t\t<\/div>\n\t\t<div class=\"elementor-element elementor-element-9b97fc6 e-con-full e-flex e-con e-child\" data-id=\"9b97fc6\" data-element_type=\"container\">\n\t\t\t\t<div class=\"elementor-element elementor-element-46ad10f animated-slow elementor-invisible elementor-widget elementor-widget-text-editor\" data-id=\"46ad10f\" data-element_type=\"widget\" data-settings=\"{&quot;_animation&quot;:&quot;fadeInLeft&quot;,&quot;_animation_delay&quot;:1000}\" data-widget_type=\"text-editor.default\">\n\t\t\t\t\t\t\t\t\t<p>The combination of the different technologies we have for scanning work allows us to quickly obtain point clouds of large elements, while respecting the level of detail required for the smaller components that make up the assembly.<\/p><p>The scanning result is exported so that it can be viewed or measured in the cloud in software such as AUTODESK RECAP or NAVISWORKS.<\/p>\t\t\t\t\t\t\t\t<\/div>\n\t\t\t\t<\/div>\n\t\t\t\t<\/div>\n\t\t\t\t\t<\/div>\n\t\t\t\t<\/div>\n\t\t<div class=\"elementor-element elementor-element-8f7e6e7 e-con-full e-flex e-con e-parent\" data-id=\"8f7e6e7\" data-element_type=\"container\">\n\t\t\t\t<div class=\"elementor-element elementor-element-8511038 elementor-widget__width-initial animated-slow elementor-invisible elementor-widget elementor-widget-heading\" data-id=\"8511038\" data-element_type=\"widget\" data-settings=\"{&quot;_animation&quot;:&quot;fadeInLeft&quot;,&quot;_animation_delay&quot;:1000}\" data-widget_type=\"heading.default\">\n\t\t\t\t\t<h2 class=\"elementor-heading-title elementor-size-default\">FARO scanner, precision even in industrial environments<\/h2>\t\t\t\t<\/div>\n\t\t<div class=\"elementor-element elementor-element-fb7dfde e-con-full e-flex e-con e-child\" data-id=\"fb7dfde\" data-element_type=\"container\">\n\t\t\t\t<div class=\"elementor-element elementor-element-74c0361 elementor-widget__width-initial elementor-widget-mobile__width-initial elementor-invisible elementor-widget elementor-widget-image\" data-id=\"74c0361\" data-element_type=\"widget\" data-settings=\"{&quot;_animation&quot;:&quot;fadeInLeft&quot;,&quot;_animation_delay&quot;:1000}\" data-widget_type=\"image.default\">\n\t\t\t\t\t\t\t\t\t\t\t\t\t\t\t<img decoding=\"async\" width=\"1536\" height=\"2048\" src=\"https:\/\/ansisl.com\/wp-content\/uploads\/2024\/09\/Escaner-FARO.jpeg\" class=\"attachment-2048x2048 size-2048x2048 wp-image-750\" alt=\"\" \/>\t\t\t\t\t\t\t\t\t\t\t\t\t\t\t<\/div>\n\t\t<div class=\"elementor-element elementor-element-59a3a5a e-con-full e-flex e-con e-child\" data-id=\"59a3a5a\" data-element_type=\"container\">\n\t\t\t\t<div class=\"elementor-element elementor-element-576028f animated-slow elementor-invisible elementor-widget elementor-widget-text-editor\" data-id=\"576028f\" data-element_type=\"widget\" data-settings=\"{&quot;_animation&quot;:&quot;fadeInRight&quot;,&quot;_animation_delay&quot;:1000}\" data-widget_type=\"text-editor.default\">\n\t\t\t\t\t\t\t\t\t<p>Laser scanning is a fast and reliable technology for capturing complex constructions of any kind.<\/p><p>Laser scanning is a fast and reliable technology for capturing complex constructions of any kind. It provides detailed information in 3 dimensions and minimizes risks in projects where space is tight or execution deadlines require a great deal of coordination.<\/p><p>3D laser scanning with equipment such as the FARO X330 is faster and more accurate than manual data collection, reducing the time for this task from days to a few hours.<\/p>\t\t\t\t\t\t\t\t<\/div>\n\t\t\t\t<\/div>\n\t\t\t\t<\/div>\n\t\t\t\t<\/div>\n\t\t<div class=\"elementor-element elementor-element-ef09410 e-flex e-con-boxed e-con e-parent\" data-id=\"ef09410\" data-element_type=\"container\">\n\t\t\t\t\t<div class=\"e-con-inner\">\n\t\t\t\t<div class=\"elementor-element elementor-element-0e1d263 elementor-widget elementor-widget-spacer\" data-id=\"0e1d263\" data-element_type=\"widget\" data-widget_type=\"spacer.default\">\n\t\t\t\t\t\t\t<div class=\"elementor-spacer\">\n\t\t\t<div class=\"elementor-spacer-inner\"><\/div>\n\t\t<\/div>\n\t\t\t\t\t\t<\/div>\n\t\t\t\t\t<\/div>\n\t\t\t\t<\/div>\n\t\t\t\t<\/div>","protected":false},"excerpt":{"rendered":"<p>Gemelos digitales Escaneado y modelado 3D de plantas industriales para la generaci\u00f3n de documentaci\u00f3n. Contamos con equipos de escaneado l\u00e1ser [&hellip;]<\/p>","protected":false},"author":1,"featured_media":0,"parent":0,"menu_order":0,"comment_status":"closed","ping_status":"closed","template":"","meta":{"site-sidebar-layout":"no-sidebar","site-content-layout":"","ast-site-content-layout":"full-width-container","site-content-style":"default","site-sidebar-style":"default","ast-global-header-display":"","ast-banner-title-visibility":"","ast-main-header-display":"","ast-hfb-above-header-display":"","ast-hfb-below-header-display":"","ast-hfb-mobile-header-display":"","site-post-title":"disabled","ast-breadcrumbs-content":"","ast-featured-img":"disabled","footer-sml-layout":"","theme-transparent-header-meta":"","adv-header-id-meta":"","stick-header-meta":"","header-above-stick-meta":"","header-main-stick-meta":"","header-below-stick-meta":"","astra-migrate-meta-layouts":"default","ast-page-background-enabled":"default","ast-page-background-meta":{"desktop":{"background-color":"var(--ast-global-color-4)","background-image":"","background-repeat":"repeat","background-position":"center center","background-size":"auto","background-attachment":"scroll","background-type":"","background-media":"","overlay-type":"","overlay-color":"","overlay-opacity":"","overlay-gradient":""},"tablet":{"background-color":"","background-image":"","background-repeat":"repeat","background-position":"center center","background-size":"auto","background-attachment":"scroll","background-type":"","background-media":"","overlay-type":"","overlay-color":"","overlay-opacity":"","overlay-gradient":""},"mobile":{"background-color":"","background-image":"","background-repeat":"repeat","background-position":"center center","background-size":"auto","background-attachment":"scroll","background-type":"","background-media":"","overlay-type":"","overlay-color":"","overlay-opacity":"","overlay-gradient":""}},"ast-content-background-meta":{"desktop":{"background-color":"var(--ast-global-color-5)","background-image":"","background-repeat":"repeat","background-position":"center center","background-size":"auto","background-attachment":"scroll","background-type":"","background-media":"","overlay-type":"","overlay-color":"","overlay-opacity":"","overlay-gradient":""},"tablet":{"background-color":"var(--ast-global-color-5)","background-image":"","background-repeat":"repeat","background-position":"center center","background-size":"auto","background-attachment":"scroll","background-type":"","background-media":"","overlay-type":"","overlay-color":"","overlay-opacity":"","overlay-gradient":""},"mobile":{"background-color":"var(--ast-global-color-5)","background-image":"","background-repeat":"repeat","background-position":"center center","background-size":"auto","background-attachment":"scroll","background-type":"","background-media":"","overlay-type":"","overlay-color":"","overlay-opacity":"","overlay-gradient":""}},"powered_cache_disable_cache":false,"powered_cache_disable_lazyload":false,"footnotes":""},"class_list":["post-2236","page","type-page","status-publish","hentry"],"yoast_head":"<!-- This site is optimized with the Yoast SEO plugin v26.3 - https:\/\/yoast.com\/wordpress\/plugins\/seo\/ -->\n<title>Gemelos digitales - ANSI - An\u00e1lisis y soluciones de ingenier\u00eda (Pontevedra) - ANSI - An\u00e1lisis y soluciones de ingenier\u00eda<\/title>\n<meta name=\"robots\" content=\"index, follow, max-snippet:-1, max-image-preview:large, max-video-preview:-1\" \/>\n<link rel=\"canonical\" href=\"https:\/\/ansisl.com\/en\/gemelos-digitales-2\/\" \/>\n<meta property=\"og:locale\" content=\"en_GB\" \/>\n<meta property=\"og:type\" content=\"article\" \/>\n<meta property=\"og:title\" content=\"Gemelos digitales - ANSI - An\u00e1lisis y soluciones de ingenier\u00eda (Pontevedra) - ANSI - An\u00e1lisis y soluciones de ingenier\u00eda\" \/>\n<meta property=\"og:description\" content=\"Gemelos digitales Escaneado y modelado 3D de plantas industriales para la generaci\u00f3n de documentaci\u00f3n. Contamos con equipos de escaneado l\u00e1ser [&hellip;]\" \/>\n<meta property=\"og:url\" content=\"https:\/\/ansisl.com\/en\/gemelos-digitales-2\/\" \/>\n<meta property=\"og:site_name\" content=\"ANSI - An\u00e1lisis y soluciones de ingenier\u00eda\" \/>\n<meta property=\"article:modified_time\" content=\"2025-10-28T16:47:49+00:00\" \/>\n<meta property=\"og:image\" content=\"http:\/\/ansisl.com\/wp-content\/uploads\/2024\/09\/Gemelos-digitales.png\" \/>\n<meta name=\"twitter:card\" content=\"summary_large_image\" \/>\n<meta name=\"twitter:label1\" content=\"Estimated reading time\" \/>\n\t<meta name=\"twitter:data1\" content=\"2 minutes\" \/>\n<script type=\"application\/ld+json\" class=\"yoast-schema-graph\">{\"@context\":\"https:\/\/schema.org\",\"@graph\":[{\"@type\":\"WebPage\",\"@id\":\"https:\/\/ansisl.com\/gemelos-digitales-2\/\",\"url\":\"https:\/\/ansisl.com\/gemelos-digitales-2\/\",\"name\":\"Gemelos digitales - ANSI - An\u00e1lisis y soluciones de ingenier\u00eda (Pontevedra) - ANSI - An\u00e1lisis y soluciones de ingenier\u00eda\",\"isPartOf\":{\"@id\":\"https:\/\/ansisl.com\/#website\"},\"primaryImageOfPage\":{\"@id\":\"https:\/\/ansisl.com\/gemelos-digitales-2\/#primaryimage\"},\"image\":{\"@id\":\"https:\/\/ansisl.com\/gemelos-digitales-2\/#primaryimage\"},\"thumbnailUrl\":\"http:\/\/ansisl.com\/wp-content\/uploads\/2024\/09\/Gemelos-digitales.png\",\"datePublished\":\"2024-10-08T06:48:51+00:00\",\"dateModified\":\"2025-10-28T16:47:49+00:00\",\"breadcrumb\":{\"@id\":\"https:\/\/ansisl.com\/gemelos-digitales-2\/#breadcrumb\"},\"inLanguage\":\"en-GB\",\"potentialAction\":[{\"@type\":\"ReadAction\",\"target\":[\"https:\/\/ansisl.com\/gemelos-digitales-2\/\"]}]},{\"@type\":\"ImageObject\",\"inLanguage\":\"en-GB\",\"@id\":\"https:\/\/ansisl.com\/gemelos-digitales-2\/#primaryimage\",\"url\":\"http:\/\/ansisl.com\/wp-content\/uploads\/2024\/09\/Gemelos-digitales.png\",\"contentUrl\":\"http:\/\/ansisl.com\/wp-content\/uploads\/2024\/09\/Gemelos-digitales.png\"},{\"@type\":\"BreadcrumbList\",\"@id\":\"https:\/\/ansisl.com\/gemelos-digitales-2\/#breadcrumb\",\"itemListElement\":[{\"@type\":\"ListItem\",\"position\":1,\"name\":\"Portada\",\"item\":\"https:\/\/ansisl.com\/\"},{\"@type\":\"ListItem\",\"position\":2,\"name\":\"Gemelos digitales &#8211; ANSI &#8211; An\u00e1lisis y soluciones de ingenier\u00eda (Pontevedra)\"}]},{\"@type\":\"WebSite\",\"@id\":\"https:\/\/ansisl.com\/#website\",\"url\":\"https:\/\/ansisl.com\/\",\"name\":\"ANSI - An\u00e1lisis y soluciones de ingenier\u00eda\",\"description\":\"\",\"publisher\":{\"@id\":\"https:\/\/ansisl.com\/#organization\"},\"potentialAction\":[{\"@type\":\"SearchAction\",\"target\":{\"@type\":\"EntryPoint\",\"urlTemplate\":\"https:\/\/ansisl.com\/?s={search_term_string}\"},\"query-input\":{\"@type\":\"PropertyValueSpecification\",\"valueRequired\":true,\"valueName\":\"search_term_string\"}}],\"inLanguage\":\"en-GB\"},{\"@type\":\"Organization\",\"@id\":\"https:\/\/ansisl.com\/#organization\",\"name\":\"ANSI - An\u00e1lisis y soluciones de ingenier\u00eda\",\"url\":\"https:\/\/ansisl.com\/\",\"logo\":{\"@type\":\"ImageObject\",\"inLanguage\":\"en-GB\",\"@id\":\"https:\/\/ansisl.com\/#\/schema\/logo\/image\/\",\"url\":\"http:\/\/localhost\/miweb\/wp-content\/uploads\/2024\/09\/Azul-con-tagline-1.png\",\"contentUrl\":\"http:\/\/localhost\/miweb\/wp-content\/uploads\/2024\/09\/Azul-con-tagline-1.png\",\"width\":6337,\"height\":2505,\"caption\":\"ANSI - An\u00e1lisis y soluciones de ingenier\u00eda\"},\"image\":{\"@id\":\"https:\/\/ansisl.com\/#\/schema\/logo\/image\/\"},\"sameAs\":[\"https:\/\/www.linkedin.com\/company\/analisis-y-soluciones-de-ingenieria-s-l\/\",\"https:\/\/www.youtube.com\/channel\/UCEXjLkQzgODcMsnCfluQSeQ\"]}]}<\/script>\n<!-- \/ Yoast SEO plugin. -->","yoast_head_json":{"title":"Gemelos digitales - ANSI - An\u00e1lisis y soluciones de ingenier\u00eda (Pontevedra) - ANSI - An\u00e1lisis y soluciones de ingenier\u00eda","robots":{"index":"index","follow":"follow","max-snippet":"max-snippet:-1","max-image-preview":"max-image-preview:large","max-video-preview":"max-video-preview:-1"},"canonical":"https:\/\/ansisl.com\/en\/gemelos-digitales-2\/","og_locale":"en_GB","og_type":"article","og_title":"Gemelos digitales - ANSI - An\u00e1lisis y soluciones de ingenier\u00eda (Pontevedra) - ANSI - An\u00e1lisis y soluciones de ingenier\u00eda","og_description":"Gemelos digitales Escaneado y modelado 3D de plantas industriales para la generaci\u00f3n de documentaci\u00f3n. Contamos con equipos de escaneado l\u00e1ser [&hellip;]","og_url":"https:\/\/ansisl.com\/en\/gemelos-digitales-2\/","og_site_name":"ANSI - An\u00e1lisis y soluciones de ingenier\u00eda","article_modified_time":"2025-10-28T16:47:49+00:00","og_image":[{"url":"http:\/\/ansisl.com\/wp-content\/uploads\/2024\/09\/Gemelos-digitales.png","type":"","width":"","height":""}],"twitter_card":"summary_large_image","twitter_misc":{"Estimated reading time":"2 minutes"},"schema":{"@context":"https:\/\/schema.org","@graph":[{"@type":"WebPage","@id":"https:\/\/ansisl.com\/gemelos-digitales-2\/","url":"https:\/\/ansisl.com\/gemelos-digitales-2\/","name":"Gemelos digitales - ANSI - An\u00e1lisis y soluciones de ingenier\u00eda (Pontevedra) - ANSI - An\u00e1lisis y soluciones de ingenier\u00eda","isPartOf":{"@id":"https:\/\/ansisl.com\/#website"},"primaryImageOfPage":{"@id":"https:\/\/ansisl.com\/gemelos-digitales-2\/#primaryimage"},"image":{"@id":"https:\/\/ansisl.com\/gemelos-digitales-2\/#primaryimage"},"thumbnailUrl":"http:\/\/ansisl.com\/wp-content\/uploads\/2024\/09\/Gemelos-digitales.png","datePublished":"2024-10-08T06:48:51+00:00","dateModified":"2025-10-28T16:47:49+00:00","breadcrumb":{"@id":"https:\/\/ansisl.com\/gemelos-digitales-2\/#breadcrumb"},"inLanguage":"en-GB","potentialAction":[{"@type":"ReadAction","target":["https:\/\/ansisl.com\/gemelos-digitales-2\/"]}]},{"@type":"ImageObject","inLanguage":"en-GB","@id":"https:\/\/ansisl.com\/gemelos-digitales-2\/#primaryimage","url":"http:\/\/ansisl.com\/wp-content\/uploads\/2024\/09\/Gemelos-digitales.png","contentUrl":"http:\/\/ansisl.com\/wp-content\/uploads\/2024\/09\/Gemelos-digitales.png"},{"@type":"BreadcrumbList","@id":"https:\/\/ansisl.com\/gemelos-digitales-2\/#breadcrumb","itemListElement":[{"@type":"ListItem","position":1,"name":"Portada","item":"https:\/\/ansisl.com\/"},{"@type":"ListItem","position":2,"name":"Gemelos digitales &#8211; ANSI &#8211; An\u00e1lisis y soluciones de ingenier\u00eda (Pontevedra)"}]},{"@type":"WebSite","@id":"https:\/\/ansisl.com\/#website","url":"https:\/\/ansisl.com\/","name":"ANSI - An\u00e1lisis y soluciones de ingenier\u00eda","description":"","publisher":{"@id":"https:\/\/ansisl.com\/#organization"},"potentialAction":[{"@type":"SearchAction","target":{"@type":"EntryPoint","urlTemplate":"https:\/\/ansisl.com\/?s={search_term_string}"},"query-input":{"@type":"PropertyValueSpecification","valueRequired":true,"valueName":"search_term_string"}}],"inLanguage":"en-GB"},{"@type":"Organization","@id":"https:\/\/ansisl.com\/#organization","name":"ANSI - An\u00e1lisis y soluciones de ingenier\u00eda","url":"https:\/\/ansisl.com\/","logo":{"@type":"ImageObject","inLanguage":"en-GB","@id":"https:\/\/ansisl.com\/#\/schema\/logo\/image\/","url":"http:\/\/localhost\/miweb\/wp-content\/uploads\/2024\/09\/Azul-con-tagline-1.png","contentUrl":"http:\/\/localhost\/miweb\/wp-content\/uploads\/2024\/09\/Azul-con-tagline-1.png","width":6337,"height":2505,"caption":"ANSI - An\u00e1lisis y soluciones de ingenier\u00eda"},"image":{"@id":"https:\/\/ansisl.com\/#\/schema\/logo\/image\/"},"sameAs":["https:\/\/www.linkedin.com\/company\/analisis-y-soluciones-de-ingenieria-s-l\/","https:\/\/www.youtube.com\/channel\/UCEXjLkQzgODcMsnCfluQSeQ"]}]}},"_links":{"self":[{"href":"https:\/\/ansisl.com\/en\/wp-json\/wp\/v2\/pages\/2236","targetHints":{"allow":["GET"]}}],"collection":[{"href":"https:\/\/ansisl.com\/en\/wp-json\/wp\/v2\/pages"}],"about":[{"href":"https:\/\/ansisl.com\/en\/wp-json\/wp\/v2\/types\/page"}],"author":[{"embeddable":true,"href":"https:\/\/ansisl.com\/en\/wp-json\/wp\/v2\/users\/1"}],"replies":[{"embeddable":true,"href":"https:\/\/ansisl.com\/en\/wp-json\/wp\/v2\/comments?post=2236"}],"version-history":[{"count":5,"href":"https:\/\/ansisl.com\/en\/wp-json\/wp\/v2\/pages\/2236\/revisions"}],"predecessor-version":[{"id":6005,"href":"https:\/\/ansisl.com\/en\/wp-json\/wp\/v2\/pages\/2236\/revisions\/6005"}],"wp:attachment":[{"href":"https:\/\/ansisl.com\/en\/wp-json\/wp\/v2\/media?parent=2236"}],"curies":[{"name":"wp","href":"https:\/\/api.w.org\/{rel}","templated":true}]}}